{"id":1583,"date":"2024-09-28T20:01:56","date_gmt":"2024-09-28T20:01:56","guid":{"rendered":"https:\/\/dev.akhd.de\/?page_id=1583"},"modified":"2026-03-23T20:38:28","modified_gmt":"2026-03-23T20:38:28","slug":"ueber-uns","status":"publish","type":"page","link":"https:\/\/www.akhd.de\/index.php\/ueber-uns\/","title":{"rendered":"\u00dcBER UNS"},"content":{"rendered":"\t\t<div data-elementor-type=\"wp-page\" data-elementor-id=\"1583\" class=\"elementor elementor-1583\">\n\t\t\t\t<div class=\"elementor-element elementor-element-aad5e3b e-grid e-con-boxed e-con e-parent\" data-id=\"aad5e3b\" data-element_type=\"container\" data-e-type=\"container\">\n\t\t\t\t\t<div class=\"e-con-inner\">\n\t\t\t\t<div class=\"elementor-element elementor-element-097e00a elementor-widget elementor-widget-text-editor\" data-id=\"097e00a\" data-element_type=\"widget\" data-e-type=\"widget\" data-widget_type=\"text-editor.default\">\n\t\t\t\t<div class=\"elementor-widget-container\">\n\t\t\t\t\t\t\t\t\t<h2><strong>Unser Verein<\/strong><\/h2><p>Im Jahre 2002 gru\u0308ndeten mehrere Afghanen, die in den 1980er Jahren aus Afghanistan fliehen mussten und die in Deutschland eine neue Heimat gefunden haben, gemeinsam mit deutschen Freunden die \u201eAfghanische Kinderhilfe Deutschland e.V.\u201c (AKHD). Das Ziel:\u00a0 Projekte in Afghanistan zu unterstu\u0308tzen, die die Lebenssituation der Kinder vor Ort verbessern helfen.<\/p><p>Die Afghanische Kinderhilfe Deutschland ist ein gemeinnu\u0308tziger eingetragener Verein mit gut 130 Mitgliedern, drei Viertel von ihnen sind Deutsche, ein Viertel Afghanen. Mitglied werden kann jeder, der einen wirksamen Beitrag fu\u0308r eine bessere Zukunft der Kinder in Afghanistan leisten mo\u0308chte. Alle im Verein arbeiten ausschlie\u00dflich ehrenamtlich.<\/p>\t\t\t\t\t\t\t\t<\/div>\n\t\t\t\t<\/div>\n\t\t\t\t<div class=\"elementor-element elementor-element-2e7f1ee elementor-widget elementor-widget-text-editor\" data-id=\"2e7f1ee\" data-element_type=\"widget\" data-e-type=\"widget\" data-widget_type=\"text-editor.default\">\n\t\t\t\t<div class=\"elementor-widget-container\">\n\t\t\t\t\t\t\t\t\t<h2><strong>Unsere Ziele<\/strong><\/h2><p>Die AKHD e.V. leistet humanita\u0308re Hilfe in Afghanistan und verfolgt das Ziel der Hilfe zur Selbsthilfe. Sie unterst\u00fctzt Hilfs- und Bildungsprojekte vor Ort. In einem von Armut und Elend infolge Kriegswirren und -folgen zerru\u0308tteten Land wie Afghanistan ist Hilfe von au\u00dfen unverzichtbar. Die Mittel des Landes reichen nicht einmal aus, die allernotwendigste Versorgung wie z.B. medizinische Hilfe oder Schulbildung zu sichern.<\/p><p>Die u\u0308ber Geld- und Sachspenden finanzierte AKHD e.V. leistet in dieser Situation Hilfe durch die Fo\u0308rderung von medizinischen und Bildungs-Projekten. Die Verwendung der Spendengelder wird genau kontrolliert. Vom Deutschen Zentralinstitut fu\u0308r soziale Fragen wurde dem Verein das Spendensiegel verliehen.<\/p>\t\t\t\t\t\t\t\t<\/div>\n\t\t\t\t<\/div>\n\t\t\t\t\t<\/div>\n\t\t\t\t<\/div>\n\t\t<div class=\"elementor-element elementor-element-149b4c6 e-flex e-con-boxed e-con e-parent\" data-id=\"149b4c6\" data-element_type=\"container\" data-e-type=\"container\">\n\t\t\t\t\t<div class=\"e-con-inner\">\n\t\t\t\t<div class=\"elementor-element elementor-element-877ab1b elementor-widget-divider--view-line elementor-widget elementor-widget-divider\" data-id=\"877ab1b\" data-element_type=\"widget\" data-e-type=\"widget\" data-widget_type=\"divider.default\">\n\t\t\t\t<div class=\"elementor-widget-container\">\n\t\t\t\t\t\t\t<div class=\"elementor-divider\">\n\t\t\t<span class=\"elementor-divider-separator\">\n\t\t\t\t\t\t<\/span>\n\t\t<\/div>\n\t\t\t\t\t\t<\/div>\n\t\t\t\t<\/div>\n\t\t\t\t<div class=\"elementor-element elementor-element-3a6dade elementor-widget elementor-widget-heading\" data-id=\"3a6dade\" data-element_type=\"widget\" data-e-type=\"widget\" data-widget_type=\"heading.default\">\n\t\t\t\t<div class=\"elementor-widget-container\">\n\t\t\t\t\t<h2 class=\"elementor-heading-title elementor-size-default\">Der Verein im Detail<\/h2>\t\t\t\t<\/div>\n\t\t\t\t<\/div>\n\t\t\t\t<div class=\"elementor-element elementor-element-b2ae01e elementor-widget elementor-widget-text-editor\" data-id=\"b2ae01e\" data-element_type=\"widget\" data-e-type=\"widget\" data-widget_type=\"text-editor.default\">\n\t\t\t\t<div class=\"elementor-widget-container\">\n\t\t\t\t\t\t\t\t\t<p><a href=\"https:\/\/www.akhd.de\/index.php\/geschichte\/\"><span style=\"color: #ff6600;\">Vereinsgeschichte: Hei\u00dfer Tee und hei\u00dfe Diskussionen &gt;<\/span><\/a><\/p><p><a href=\"https:\/\/www.akhd.de\/index.php\/der-verein-in-den-medien\/\"><span style=\"color: #ff6600;\">Der Verein in den Medien &gt;<\/span><\/a><\/p><p><a href=\"https:\/\/www.akhd.de\/wp-content\/uploads\/2026\/03\/Flyer_Website.pdf\" target=\"_blank\" rel=\"noopener\"><span style=\"color: #ff6600;\">Vereinsflyer zum Download (PDF) &gt;<\/span><\/a><\/p><p><a href=\"https:\/\/www.akhd.de\/wp-content\/uploads\/2025\/12\/V17_06_25_1117_Newsletter_D_online_sl_ak.pdf\"><span style=\"color: #ff6600;\">Der aktuelle Newsletter (PDF) &gt;<\/span><\/a><\/p><p><a href=\"https:\/\/www.akhd.de\/wp-content\/uploads\/2026\/03\/MV-Protokoll-06.02.2026.pdf\">Das Protokoll der Mitgliederversammlung vom 6. Februar 2026 &gt;<\/a><\/p>\t\t\t\t\t\t\t\t<\/div>\n\t\t\t\t<\/div>\n\t\t\t\t\t<\/div>\n\t\t\t\t<\/div>\n\t\t<div class=\"elementor-element elementor-element-c687d53 e-flex e-con-boxed e-con e-parent\" data-id=\"c687d53\" data-element_type=\"container\" data-e-type=\"container\">\n\t\t\t\t\t<div class=\"e-con-inner\">\n\t\t\t\t<div class=\"elementor-element elementor-element-bc63da1 elementor-widget-divider--view-line elementor-widget elementor-widget-divider\" data-id=\"bc63da1\" data-element_type=\"widget\" data-e-type=\"widget\" data-widget_type=\"divider.default\">\n\t\t\t\t<div class=\"elementor-widget-container\">\n\t\t\t\t\t\t\t<div class=\"elementor-divider\">\n\t\t\t<span class=\"elementor-divider-separator\">\n\t\t\t\t\t\t<\/span>\n\t\t<\/div>\n\t\t\t\t\t\t<\/div>\n\t\t\t\t<\/div>\n\t\t\t\t<div class=\"elementor-element elementor-element-6ea046b elementor-widget elementor-widget-heading\" data-id=\"6ea046b\" data-element_type=\"widget\" data-e-type=\"widget\" data-widget_type=\"heading.default\">\n\t\t\t\t<div class=\"elementor-widget-container\">\n\t\t\t\t\t<h2 class=\"elementor-heading-title elementor-size-default\">Oft gestellte Fragen<\/h2>\t\t\t\t<\/div>\n\t\t\t\t<\/div>\n\t\t\t\t<div class=\"elementor-element elementor-element-9125b7a elementor-widget-divider--view-line elementor-widget elementor-widget-divider\" data-id=\"9125b7a\" data-element_type=\"widget\" data-e-type=\"widget\" data-widget_type=\"divider.default\">\n\t\t\t\t<div class=\"elementor-widget-container\">\n\t\t\t\t\t\t\t<div class=\"elementor-divider\">\n\t\t\t<span class=\"elementor-divider-separator\">\n\t\t\t\t\t\t<\/span>\n\t\t<\/div>\n\t\t\t\t\t\t<\/div>\n\t\t\t\t<\/div>\n\t\t\t\t<div class=\"elementor-element elementor-element-a44868d elementor-widget__width-initial elementor-widget elementor-widget-thim-accordion\" data-id=\"a44868d\" data-element_type=\"widget\" data-e-type=\"widget\" data-widget_type=\"thim-accordion.default\">\n\t\t\t\t<div class=\"elementor-widget-container\">\n\t\t\t\t\t<div class=\"thim-widget-accordion template-accordion\">\n<div class=\"thim-accordion style-1\">\n\t    <div id=\"accordion_69e59fc999159\" class=\"panel-group\" role=\"tablist\" aria-multiselectable=\"true\">\n        <!-- List Panel -->\n\t\t\n\t\t\t\n            <div class=\"panel panel-default\">\n                <div class=\"panel-heading\" role=\"tab\" id=\"heading_accordion_69e59fc999159_0\">\n                    <h4 class=\"panel-title\">\n                        <a role=\"button\" class=\"\" data-toggle=\"collapse\" data-parent=\"#accordion_69e59fc999159\" href=\"#collapse_accordion_69e59fc999159_0\" aria-expanded=\"true\" aria-controls=\"collapse_accordion_69e59fc999159_0\">\n\t\t\t\t\t\t\tWie viel Geld gibt der Verein aus \u2013 und wofu\u0308r?                        <\/a>\n                    <\/h4>\n                <\/div>\n                <div id=\"collapse_accordion_69e59fc999159_0\" class=\"panel-collapse collapse in\" role=\"tabpanel\" aria-labelledby=\"heading_accordion_69e59fc999159_0\">\n                    <div class=\"panel-body\">\n\t\t\t\t\t\tDer gr\u00f6\u00dfte Teil der von der AKHD gesammelten Gelder flie\u00dft direkt in die Projekte im Gro\u00dfraum Kabul. Im Jahr 2025 gab der Verein rund 297.000 Euro aus (alle weiteren Zahlen ebenfalls gerundet). 195.000 Euro flossen dabei allein in die Geha\u0308lter fu\u0308r das Klinik- und Schulpersonal. Fu\u0308r Werbung gab der Verein 3.000 Euro aus. Das komplette Zahlenwerk findet sich im Jahresbericht.                    <\/div>\n                <\/div>\n            <\/div>\n\n\t\t\n\t\t\t\n            <div class=\"panel panel-default\">\n                <div class=\"panel-heading\" role=\"tab\" id=\"heading_accordion_69e59fc999159_1\">\n                    <h4 class=\"panel-title\">\n                        <a role=\"button\" class=\"collapsed\" data-toggle=\"collapse\" data-parent=\"#accordion_69e59fc999159\" href=\"#collapse_accordion_69e59fc999159_1\" aria-expanded=\"false\" aria-controls=\"collapse_accordion_69e59fc999159_1\">\n\t\t\t\t\t\t\tWie kommen die Spendengelder nach Afghanistan?                        <\/a>\n                    <\/h4>\n                <\/div>\n                <div id=\"collapse_accordion_69e59fc999159_1\" class=\"panel-collapse collapse \" role=\"tabpanel\" aria-labelledby=\"heading_accordion_69e59fc999159_1\">\n                    <div class=\"panel-body\">\n\t\t\t\t\t\tInzwischen per Finanzdienstleister. Als der Verein seine Ta\u0308tigkeit aufnahm, war der Geldtransfer noch komplizierter, er musste bar erfolgen. Monatlich u\u0308berweist der Verein derzeit rund 18.000 Euro \u2013 kleinere Schwankungen resultieren aus einem vera\u0308nderten Kurs zwischen Euro und US-Dollar. Die u\u0308berwiesenen Gelder sind vor allem fu\u0308r die Geha\u0308lter bestimmt, die in den Projekten anfallen.                     <\/div>\n                <\/div>\n            <\/div>\n\n\t\t\n\t\t\t\n            <div class=\"panel panel-default\">\n                <div class=\"panel-heading\" role=\"tab\" id=\"heading_accordion_69e59fc999159_2\">\n                    <h4 class=\"panel-title\">\n                        <a role=\"button\" class=\"collapsed\" data-toggle=\"collapse\" data-parent=\"#accordion_69e59fc999159\" href=\"#collapse_accordion_69e59fc999159_2\" aria-expanded=\"false\" aria-controls=\"collapse_accordion_69e59fc999159_2\">\n\t\t\t\t\t\t\tWie kann ich mich engagieren?                        <\/a>\n                    <\/h4>\n                <\/div>\n                <div id=\"collapse_accordion_69e59fc999159_2\" class=\"panel-collapse collapse \" role=\"tabpanel\" aria-labelledby=\"heading_accordion_69e59fc999159_2\">\n                    <div class=\"panel-body\">\n\t\t\t\t\t\tDer Verein braucht Mitglieder, Fo\u0308rderer und\/oder Menschen, die bei der Organisation von Vereins-Aktionen helfen \u2013 vom Benefizkonzert bis zur Pra\u0308sentation der Vereinsaktivita\u0308ten auf Weihnachtsma\u0308rkten oder a\u0308hnlichen Gelegenheiten. Neue Ideen sind ebenfalls willkommen! Interessenten ko\u0308nnen eine Mail schreiben an info@akhd.de oder per Post an die Afghanische Kinderhilfe Deutschland e.V., Novalisstr. 8, 40474 Du\u0308sseldorf.                    <\/div>\n                <\/div>\n            <\/div>\n\n\t\t\n\t\t\t\n            <div class=\"panel panel-default\">\n                <div class=\"panel-heading\" role=\"tab\" id=\"heading_accordion_69e59fc999159_3\">\n                    <h4 class=\"panel-title\">\n                        <a role=\"button\" class=\"collapsed\" data-toggle=\"collapse\" data-parent=\"#accordion_69e59fc999159\" href=\"#collapse_accordion_69e59fc999159_3\" aria-expanded=\"false\" aria-controls=\"collapse_accordion_69e59fc999159_3\">\n\t\t\t\t\t\t\tWer kann Mitglied werden und wie?                        <\/a>\n                    <\/h4>\n                <\/div>\n                <div id=\"collapse_accordion_69e59fc999159_3\" class=\"panel-collapse collapse \" role=\"tabpanel\" aria-labelledby=\"heading_accordion_69e59fc999159_3\">\n                    <div class=\"panel-body\">\n\t\t\t\t\t\tGrundsa\u0308tzlich jede\/r. U\u0308ber den Mitgliedsantrag entscheidet der Vorstand. Bisher wurde noch kein Mitgliedsantrag abgelehnt. Ein mo\u0308glicher Ablehnungsgrund wa\u0308re, wenn sich jemand offensichtlich gegen die in der Satzung ausgesprochenen Ziele ausspricht. Der derzeitige Mitgliedsbeitrag betra\u0308gt 60 Euro pro Jahr. Auf eigenen Wunsch des Mitglieds kann er aber auch ho\u0308her ausfallen. Aktuell hat die Afghanische Kinderhilfe Deutschland e.V. gut 130 Mitglieder. Eine Beitrittserkla\u0308rung ko\u0308nnen Sie \nhier herunterladen.                    <\/div>\n                <\/div>\n            <\/div>\n\n\t\t\n\t\t\t\n            <div class=\"panel panel-default\">\n                <div class=\"panel-heading\" role=\"tab\" id=\"heading_accordion_69e59fc999159_4\">\n                    <h4 class=\"panel-title\">\n                        <a role=\"button\" class=\"collapsed\" data-toggle=\"collapse\" data-parent=\"#accordion_69e59fc999159\" href=\"#collapse_accordion_69e59fc999159_4\" aria-expanded=\"false\" aria-controls=\"collapse_accordion_69e59fc999159_4\">\n\t\t\t\t\t\t\tWer kontrolliert, wohin das Geld flie\u00dft?                        <\/a>\n                    <\/h4>\n                <\/div>\n                <div id=\"collapse_accordion_69e59fc999159_4\" class=\"panel-collapse collapse \" role=\"tabpanel\" aria-labelledby=\"heading_accordion_69e59fc999159_4\">\n                    <div class=\"panel-body\">\n\t\t\t\t\t\tIn Deutschland gibt es gleich mehrere Pru\u0308finstanzen: unseren Steuerpru\u0308fer, das Finanzamt, unsere Kassenpru\u0308fer \u2013 u\u0308brigens ein ehemaliger Steuerfahnder und ein Verwaltungsfachmann \u2013 und das Deutsche Zentralinstitut fu\u0308r soziale Fragen, das uns ja\u0308hrlich auf Antrag das DZI-Siegel verleiht. Vor Ort kontrolliert ein Gescha\u0308ftsfu\u0308hrer die Finanzen der Projekte. Er schickt regelma\u0308\u00dfig Listen und Berichte nach Deutschland.                    <\/div>\n                <\/div>\n            <\/div>\n\n\t\t        <!-- End: List Panel -->\n    <\/div>\n\n<\/div><\/div>\t\t\t\t<\/div>\n\t\t\t\t<\/div>\n\t\t\t\t\t<\/div>\n\t\t\t\t<\/div>\n\t\t<div class=\"elementor-element elementor-element-76b72ce e-grid e-con-boxed e-con e-parent\" data-id=\"76b72ce\" data-element_type=\"container\" data-e-type=\"container\">\n\t\t\t\t\t<div class=\"e-con-inner\">\n\t\t\t\t<div class=\"elementor-element elementor-element-a4623f6 elementor-widget elementor-widget-text-editor\" data-id=\"a4623f6\" data-element_type=\"widget\" data-e-type=\"widget\" data-widget_type=\"text-editor.default\">\n\t\t\t\t<div class=\"elementor-widget-container\">\n\t\t\t\t\t\t\t\t\t<h2>Vorstand<em><strong><br \/><\/strong><\/em><\/h2><p>Der Vorstand des Vereins wurde am 6. Februar 2026 von der Jahreshauptversammlung gew\u00e4hlt und besteht aus:<\/p><p>Helen Barin, D\u00fcsseldorf (Beisitzerin)<\/p><p>Anne H\u00f6ffken, D\u00fcsseldorf (Beisitzerin)<\/p><p>Stephan Lennartz, K\u00f6ln (stellvertretender Vorsitzender)<\/p><p>Dipl.-Ing. Assad Mujaddidi, Kaarst (Kassenwart)<\/p><p>Hadi Rezai, D\u00fcsseldorf (Beisitzer)<\/p><p>Dr. Gregor Taxacher (Beisitzer)<\/p><p>Dr. Naim Ziayee, D\u00fcsseldorf (Vorsitzender)<\/p><p>\u00a0<\/p>\t\t\t\t\t\t\t\t<\/div>\n\t\t\t\t<\/div>\n\t\t\t\t\t<\/div>\n\t\t\t\t<\/div>\n\t\t<div class=\"elementor-element elementor-element-b787ca7 e-flex e-con-boxed e-con e-parent\" data-id=\"b787ca7\" data-element_type=\"container\" data-e-type=\"container\">\n\t\t\t\t\t<div class=\"e-con-inner\">\n\t\t\t\t<div class=\"elementor-element elementor-element-f528223 elementor-widget-divider--view-line elementor-widget elementor-widget-divider\" data-id=\"f528223\" data-element_type=\"widget\" data-e-type=\"widget\" data-widget_type=\"divider.default\">\n\t\t\t\t<div class=\"elementor-widget-container\">\n\t\t\t\t\t\t\t<div class=\"elementor-divider\">\n\t\t\t<span class=\"elementor-divider-separator\">\n\t\t\t\t\t\t<\/span>\n\t\t<\/div>\n\t\t\t\t\t\t<\/div>\n\t\t\t\t<\/div>\n\t\t\t\t\t<\/div>\n\t\t\t\t<\/div>\n\t\t<div class=\"elementor-element elementor-element-8fe3721 e-grid e-con-boxed e-con e-parent\" data-id=\"8fe3721\" data-element_type=\"container\" data-e-type=\"container\">\n\t\t\t\t\t<div class=\"e-con-inner\">\n\t\t\t\t<div class=\"elementor-element elementor-element-8adba03 elementor-widget elementor-widget-text-editor\" data-id=\"8adba03\" data-element_type=\"widget\" data-e-type=\"widget\" data-widget_type=\"text-editor.default\">\n\t\t\t\t<div class=\"elementor-widget-container\">\n\t\t\t\t\t\t\t\t\t<h2>Unsere Schirmherrin: <strong>Henrietta Six <\/strong><em><strong><br \/><\/strong><\/em><\/h2><p><strong>Im Januar 2023 hat Henrietta Six die Schirmherrschaft f\u00fcr die Afghanische Kinderhilfe Deutschland von Karin-Brigitte G\u00f6bel \u00fcbernommen. Beide Frauen arbeite(te)n in verantwortlichen Positionen bei der Stadtsparkasse D\u00fcsseldorf.<\/strong><\/p><p>\u201eWir sind sehr froh, Henrietta Six als Schirmherrin gewonnen zu haben\u201c, erkl\u00e4rte der Vereinsvorsitzende Naim Ziayee. \u201eVor allem ihr Interesse und Engagement f\u00fcr das Thema Bildung passen sehr gut zu uns. Und wir freuen uns nat\u00fcrlich dar\u00fcber, den engen Kontakt zur Stadtsparkasse D\u00fcsseldorf zu behalten.\u201c<\/p><p>Henrietta Six erinnert sich gerne an ihre Schulzeit: \u201eKaum hatte ich die Schule verlassen, habe ich den Alltag dort, das Miteinander und die vielen spannenden Themen vermisst.\u201c \u00c4hnliche Erfahrungen machen zu d\u00fcrfen, w\u00fcnscht sie allen Kindern. \u201eEs macht mich traurig, dass Schulbildung und Gleichberechtigung nicht weltweit erlaubt und gewollt sind!\u201c, erkl\u00e4rt die Betriebswirtin, \u201eaber diese Betroffenheit ist f\u00fcr mich auch ein Ansporn, gute Ideen in die Welt zu tragen.\u201c<\/p><p>Henrietta Six ist seit Mai 2023 Mitglied des Vorstandes der Stadtsparkasse D\u00fcsseldorf und dort f\u00fcr die Firmenkunden zust\u00e4ndig.\u00a0<\/p>\t\t\t\t\t\t\t\t<\/div>\n\t\t\t\t<\/div>\n\t\t\t\t<div class=\"elementor-element elementor-element-e7ce5fc elementor-widget elementor-widget-image\" data-id=\"e7ce5fc\" data-element_type=\"widget\" data-e-type=\"widget\" data-widget_type=\"image.default\">\n\t\t\t\t<div class=\"elementor-widget-container\">\n\t\t\t\t\t\t\t\t\t\t\t\t\t\t\t<img fetchpriority=\"high\" decoding=\"async\" width=\"640\" height=\"484\" src=\"https:\/\/www.akhd.de\/wp-content\/uploads\/2023\/09\/six_n-scaled-1-1024x774.jpg\" class=\"attachment-large size-large wp-image-1194\" alt=\"\" srcset=\"https:\/\/www.akhd.de\/wp-content\/uploads\/2023\/09\/six_n-scaled-1-1024x774.jpg 1024w, https:\/\/www.akhd.de\/wp-content\/uploads\/2023\/09\/six_n-scaled-1-300x227.jpg 300w, https:\/\/www.akhd.de\/wp-content\/uploads\/2023\/09\/six_n-scaled-1-768x580.jpg 768w, https:\/\/www.akhd.de\/wp-content\/uploads\/2023\/09\/six_n-scaled-1-1536x1160.jpg 1536w, https:\/\/www.akhd.de\/wp-content\/uploads\/2023\/09\/six_n-scaled-1-2048x1547.jpg 2048w, https:\/\/www.akhd.de\/wp-content\/uploads\/2023\/09\/six_n-scaled-1-600x453.jpg 600w\" sizes=\"(max-width: 640px) 100vw, 640px\" \/>\t\t\t\t\t\t\t\t\t\t\t\t\t\t\t<\/div>\n\t\t\t\t<\/div>\n\t\t\t\t\t<\/div>\n\t\t\t\t<\/div>\n\t\t<div class=\"elementor-element elementor-element-4fa3b6b e-flex e-con-boxed e-con e-parent\" data-id=\"4fa3b6b\" data-element_type=\"container\" data-e-type=\"container\">\n\t\t\t\t\t<div class=\"e-con-inner\">\n\t\t\t\t<div class=\"elementor-element elementor-element-2c4148c elementor-widget-divider--view-line elementor-widget elementor-widget-divider\" data-id=\"2c4148c\" data-element_type=\"widget\" data-e-type=\"widget\" data-widget_type=\"divider.default\">\n\t\t\t\t<div class=\"elementor-widget-container\">\n\t\t\t\t\t\t\t<div class=\"elementor-divider\">\n\t\t\t<span class=\"elementor-divider-separator\">\n\t\t\t\t\t\t<\/span>\n\t\t<\/div>\n\t\t\t\t\t\t<\/div>\n\t\t\t\t<\/div>\n\t\t\t\t<div class=\"elementor-element elementor-element-33f5dee elementor-widget elementor-widget-text-editor\" data-id=\"33f5dee\" data-element_type=\"widget\" data-e-type=\"widget\" data-widget_type=\"text-editor.default\">\n\t\t\t\t<div class=\"elementor-widget-container\">\n\t\t\t\t\t\t\t\t\t<h2>Unsere Partner und Unterst\u00fctzer<\/h2>\t\t\t\t\t\t\t\t<\/div>\n\t\t\t\t<\/div>\n\t\t\t\t\t<\/div>\n\t\t\t\t<\/div>\n\t\t<div class=\"elementor-element elementor-element-4d90607 e-grid e-con-boxed e-con e-parent\" data-id=\"4d90607\" data-element_type=\"container\" data-e-type=\"container\">\n\t\t\t\t\t<div class=\"e-con-inner\">\n\t\t\t\t<div class=\"elementor-element elementor-element-9e2fa36 elementor-widget elementor-widget-text-editor\" data-id=\"9e2fa36\" data-element_type=\"widget\" data-e-type=\"widget\" data-widget_type=\"text-editor.default\">\n\t\t\t\t<div class=\"elementor-widget-container\">\n\t\t\t\t\t\t\t\t\t<h3 class=\"text\"><strong>Sipgate<\/strong><\/h3><p class=\"text\"><a href=\"http:\/\/www.sipgate.de\">www.sipgate.de<\/a><strong><br \/><\/strong>Zusammenarbeit seit 2009<strong><br \/><\/strong><\/p><h3>\u00a0<\/h3><h3 class=\"text\"><strong>Stadtsparkasse D\u00fcsseldorf<br \/><\/strong><\/h3><p class=\"text\"><a href=\"https:\/\/www.sskduesseldorf.de\/\">www.sskduesseldorf.de<\/a><br \/>Zusammenarbeit seit 2021<\/p><h3 class=\"text\"><strong><br \/>KOMAK<\/strong><\/h3><p class=\"text\">Schweiz<br \/>Zusammenarbeit seit 2004<\/p><p>\u00a0<\/p><h3 class=\"text\"><strong>GlobalSocial Network<\/strong><\/h3><p class=\"text\"><a href=\"https:\/\/www.globalsocial-network.org\/\">https:\/\/www.globalsocial-network.org\/<\/a><br \/>Zusammenarbeit seit 2021<\/p><p class=\"text\">\u00a0<\/p>\t\t\t\t\t\t\t\t<\/div>\n\t\t\t\t<\/div>\n\t\t\t\t<div class=\"elementor-element elementor-element-a2fc01b elementor-widget elementor-widget-text-editor\" data-id=\"a2fc01b\" data-element_type=\"widget\" data-e-type=\"widget\" data-widget_type=\"text-editor.default\">\n\t\t\t\t<div class=\"elementor-widget-container\">\n\t\t\t\t\t\t\t\t\t<h3 class=\"text\"><strong>Fraternit\u00e9 Paris-Kaboul<\/strong><\/h3><p class=\"text\"><a href=\"http:\/\/www.fraternite-paris-kaboul.com\">www.fraternite-paris-kaboul.com<\/a><br \/>Zusammenarbeit seit 2005<\/p><h3 class=\"text\"><strong><br \/>Afghanischer Frauenverein e.V.<\/strong><\/h3><p class=\"text\"><a href=\"http:\/\/www.afghanischer-frauenverein.de\">www.afghanischer-frauenverein.de<\/a><br \/>Zusammenarbeit seit 2005<\/p><h3 class=\"text\"><strong><br \/>UNICEF<br \/><\/strong><\/h3><p class=\"text\"><a href=\"https:\/\/www.unicef.de\/\">https:\/\/www.unicef.de\/<\/a><br \/>Zusammenarbeit seit 2007<\/p><p class=\"text\">\u00a0<\/p>\t\t\t\t\t\t\t\t<\/div>\n\t\t\t\t<\/div>\n\t\t\t\t\t<\/div>\n\t\t\t\t<\/div>\n\t\t<div class=\"elementor-element elementor-element-f8cea38 e-flex e-con-boxed e-con e-parent\" data-id=\"f8cea38\" data-element_type=\"container\" data-e-type=\"container\">\n\t\t\t\t\t<div class=\"e-con-inner\">\n\t\t\t\t<div class=\"elementor-element elementor-element-7090229 elementor-widget-divider--view-line elementor-widget elementor-widget-divider\" data-id=\"7090229\" data-element_type=\"widget\" data-e-type=\"widget\" data-widget_type=\"divider.default\">\n\t\t\t\t<div class=\"elementor-widget-container\">\n\t\t\t\t\t\t\t<div class=\"elementor-divider\">\n\t\t\t<span class=\"elementor-divider-separator\">\n\t\t\t\t\t\t<\/span>\n\t\t<\/div>\n\t\t\t\t\t\t<\/div>\n\t\t\t\t<\/div>\n\t\t\t\t\t<\/div>\n\t\t\t\t<\/div>\n\t\t<div class=\"elementor-element elementor-element-c470ab6 e-grid e-con-boxed e-con e-parent\" data-id=\"c470ab6\" data-element_type=\"container\" data-e-type=\"container\">\n\t\t\t\t\t<div class=\"e-con-inner\">\n\t\t\t\t<div class=\"elementor-element elementor-element-82e30fb elementor-widget elementor-widget-text-editor\" data-id=\"82e30fb\" data-element_type=\"widget\" data-e-type=\"widget\" data-widget_type=\"text-editor.default\">\n\t\t\t\t<div class=\"elementor-widget-container\">\n\t\t\t\t\t\t\t\t\t<h2>Jahresberichte<\/h2><p>Unsere Jahresberichte als PDF-Dokumente:<\/p><p><a href=\"https:\/\/www.akhd.de\/wp-content\/uploads\/2026\/01\/Jahresbericht2025.pdf\">2025<\/a><\/p><p><a href=\"https:\/\/www.akhd.de\/wp-content\/uploads\/2025\/12\/jb2024.pdf\">2024<\/a><\/p><p class=\"text\"><a href=\"https:\/\/www.akhd.de\/wp-content\/uploads\/2024\/03\/jb2023.pdf\">2023<\/a><\/p>\t\t\t\t\t\t\t\t<\/div>\n\t\t\t\t<\/div>\n\t\t\t\t<div class=\"elementor-element elementor-element-9665e55 elementor-widget elementor-widget-text-editor\" data-id=\"9665e55\" data-element_type=\"widget\" data-e-type=\"widget\" data-widget_type=\"text-editor.default\">\n\t\t\t\t<div class=\"elementor-widget-container\">\n\t\t\t\t\t\t\t\t\t<h2>Mitglieder<\/h2><p>Anfang 2025 hat die Afghanische Kinderhilfe Deutschland e.V. gut 130 Mitglieder.<\/p><p>Der Mitgliedsbeitrag betra\u0308gt 60 Euro ja\u0308hrlich. Auf eigenen Wunsch des Mitglieds kann er nat\u00fcrlich ho\u0308her ausfallen.<\/p>\t\t\t\t\t\t\t\t<\/div>\n\t\t\t\t<\/div>\n\t\t\t\t<div class=\"elementor-element elementor-element-52318b0 elementor-widget elementor-widget-text-editor\" data-id=\"52318b0\" data-element_type=\"widget\" data-e-type=\"widget\" data-widget_type=\"text-editor.default\">\n\t\t\t\t<div class=\"elementor-widget-container\">\n\t\t\t\t\t\t\t\t\t<h2>Unsere Satzung<\/h2><p class=\"text\"><a href=\"https:\/\/www.akhd.de\/index.php\/satzung\/\">Satzung als PDF<\/a><\/p>\t\t\t\t\t\t\t\t<\/div>\n\t\t\t\t<\/div>\n\t\t\t\t\t<\/div>\n\t\t\t\t<\/div>\n\t\t\t\t<\/div>\n\t\t","protected":false},"excerpt":{"rendered":"<p>Unser Verein Im Jahre 2002 gru\u0308ndeten mehrere Afghanen, die in den 1980er Jahren aus Afghanistan fliehen mussten und die in Deutschland eine neue Heimat gefunden haben, gemeinsam mit deutschen Freunden die \u201eAfghanische Kinderhilfe Deutschland e.V.\u201c (AKHD). Das Ziel:\u00a0 Projekte in [&hellip;]<\/p>\n","protected":false},"author":2,"featured_media":0,"parent":0,"menu_order":0,"comment_status":"closed","ping_status":"closed","template":"","meta":{"footnotes":""},"class_list":["post-1583","page","type-page","status-publish","hentry"],"_links":{"self":[{"href":"https:\/\/www.akhd.de\/index.php\/wp-json\/wp\/v2\/pages\/1583","targetHints":{"allow":["GET"]}}],"collection":[{"href":"https:\/\/www.akhd.de\/index.php\/wp-json\/wp\/v2\/pages"}],"about":[{"href":"https:\/\/www.akhd.de\/index.php\/wp-json\/wp\/v2\/types\/page"}],"author":[{"embeddable":true,"href":"https:\/\/www.akhd.de\/index.php\/wp-json\/wp\/v2\/users\/2"}],"replies":[{"embeddable":true,"href":"https:\/\/www.akhd.de\/index.php\/wp-json\/wp\/v2\/comments?post=1583"}],"version-history":[{"count":183,"href":"https:\/\/www.akhd.de\/index.php\/wp-json\/wp\/v2\/pages\/1583\/revisions"}],"predecessor-version":[{"id":7870,"href":"https:\/\/www.akhd.de\/index.php\/wp-json\/wp\/v2\/pages\/1583\/revisions\/7870"}],"wp:attachment":[{"href":"https:\/\/www.akhd.de\/index.php\/wp-json\/wp\/v2\/media?parent=1583"}],"curies":[{"name":"wp","href":"https:\/\/api.w.org\/{rel}","templated":true}]}}