{"id":1598,"date":"2024-09-28T20:08:10","date_gmt":"2024-09-28T20:08:10","guid":{"rendered":"https:\/\/dev.akhd.de\/?page_id=1598"},"modified":"2026-03-23T13:05:39","modified_gmt":"2026-03-23T13:05:39","slug":"tagesklinik-deh-sabz","status":"publish","type":"page","link":"https:\/\/www.akhd.de\/index.php\/projekte\/tagesklinik-deh-sabz\/","title":{"rendered":"Tagesklinik Deh Sabz"},"content":{"rendered":"\t\t<div data-elementor-type=\"wp-page\" data-elementor-id=\"1598\" class=\"elementor elementor-1598\">\n\t\t\t\t<div class=\"elementor-element elementor-element-cc94122 e-flex e-con-boxed e-con e-parent\" data-id=\"cc94122\" data-element_type=\"container\" data-e-type=\"container\">\n\t\t\t\t\t<div class=\"e-con-inner\">\n\t\t\t\t<div class=\"elementor-element elementor-element-44ba3fc elementor-widget elementor-widget-heading\" data-id=\"44ba3fc\" data-element_type=\"widget\" data-e-type=\"widget\" data-widget_type=\"heading.default\">\n\t\t\t\t<div class=\"elementor-widget-container\">\n\t\t\t\t\t<h2 class=\"elementor-heading-title elementor-size-default\">Die Tagesklinik Deh Sabz \u2013 Medizinische Hilfe f\u00fcr Frauen und Kinder<\/h2>\t\t\t\t<\/div>\n\t\t\t\t<\/div>\n\t\t\t\t\t<\/div>\n\t\t\t\t<\/div>\n\t\t<div class=\"elementor-element elementor-element-6357a1fe e-grid e-con-boxed e-con e-parent\" data-id=\"6357a1fe\" data-element_type=\"container\" data-e-type=\"container\">\n\t\t\t\t\t<div class=\"e-con-inner\">\n\t\t\t\t<div class=\"elementor-element elementor-element-1cb7fcb7 elementor-widget elementor-widget-text-editor\" data-id=\"1cb7fcb7\" data-element_type=\"widget\" data-e-type=\"widget\" data-widget_type=\"text-editor.default\">\n\t\t\t\t<div class=\"elementor-widget-container\">\n\t\t\t\t\t\t\t\t\t<p>Die Tagesklinik in Deh Sabz wurde im Jahr 2003 aufgebaut. Sie liegt nord\u00f6stlich von Kabul, 25 Kilometer entfernt vom Zentrum, und ist die einzige Einrichtung dieser Art f\u00fcr rund 130.000 Menschen und 20 D\u00f6rfer. 2025 wurden in der Klinik 53.200 Patienten behandelt, vor allem Kinder und Frauen.<\/p>\n<p><!-- \/wp:paragraph --><!-- wp:paragraph --><\/p>\n<p>In dieser Klinik sind 23 Menschen besch\u00e4ftigt: f\u00fcnf \u00c4rzte\/-innen (Kinderheilkunde, Innere Medizin, Frauenheilkunde, Diagnostik, Impfen), zwei Pflegekr\u00e4fte, zwei Reinigungskr\u00e4fte, vier Verwaltungskr\u00e4fte, drei Wachleute, zwei Fahrer, ein Laborant, ein Apotheker, eine Apotheken-Assistenz, eine Hebamme, ein Psychologe. Die Klinik verf\u00fcgt \u00fcber ein Labor, eine Apotheke, Ultraschall sowie einen kleinen OP-Saal.<\/p>\n<p><!-- \/wp:paragraph --><!-- wp:paragraph --><\/p>\n<p><!-- \/wp:paragraph --><\/p>\t\t\t\t\t\t\t\t<\/div>\n\t\t\t\t<\/div>\n\t\t\t\t<div class=\"elementor-element elementor-element-9f9cdef elementor-widget elementor-widget-text-editor\" data-id=\"9f9cdef\" data-element_type=\"widget\" data-e-type=\"widget\" data-widget_type=\"text-editor.default\">\n\t\t\t\t<div class=\"elementor-widget-container\">\n\t\t\t\t\t\t\t\t\t<p>Im Jahre 2025 betrugen die Ausgaben in der Klinik rund 106.000 Euro, die Einnahmen vor Ort durch die Patientengeb\u00fchren und Zusatzleistungen rund 50.000 Euro. Die Afghanische Kinderhilfe Deutschland unterst\u00fctzte den Betrieb der Klinik mit rund 50.000 Euro.<\/p>\n<p><!-- \/wp:paragraph --><!-- wp:paragraph --><\/p>\n<p>Das Klinikgeb\u00e4ude geh\u00f6rt dem Gesundheitsministerium und wird dem Verein unentgeltlich zur Verf\u00fcgung gestellt.<\/p>\t\t\t\t\t\t\t\t<\/div>\n\t\t\t\t<\/div>\n\t\t\t\t\t<\/div>\n\t\t\t\t<\/div>\n\t\t<div class=\"elementor-element elementor-element-2d6213a e-flex e-con-boxed e-con e-parent\" data-id=\"2d6213a\" data-element_type=\"container\" data-e-type=\"container\">\n\t\t\t\t\t<div class=\"e-con-inner\">\n\t\t\t\t<div class=\"elementor-element elementor-element-2eeadb4 elementor-widget elementor-widget-heading\" data-id=\"2eeadb4\" data-element_type=\"widget\" data-e-type=\"widget\" data-widget_type=\"heading.default\">\n\t\t\t\t<div class=\"elementor-widget-container\">\n\t\t\t\t\t<h2 class=\"elementor-heading-title elementor-size-default\">Eindr\u00fccke aus der Tagesklinik Deh Sabz<\/h2>\t\t\t\t<\/div>\n\t\t\t\t<\/div>\n\t\t\t\t\t<\/div>\n\t\t\t\t<\/div>\n\t\t<div class=\"elementor-element elementor-element-0befd44 e-grid e-con-boxed e-con e-parent\" data-id=\"0befd44\" data-element_type=\"container\" data-e-type=\"container\">\n\t\t\t\t\t<div class=\"e-con-inner\">\n\t\t\t\t<div class=\"elementor-element elementor-element-c6e6bbc elementor-widget elementor-widget-image\" data-id=\"c6e6bbc\" data-element_type=\"widget\" data-e-type=\"widget\" data-widget_type=\"image.default\">\n\t\t\t\t<div class=\"elementor-widget-container\">\n\t\t\t\t\t\t\t\t\t\t\t\t\t\t\t\t<a href=\"https:\/\/www.akhd.de\/wp-content\/uploads\/2025\/04\/IMG_1665_k.jpg\" data-elementor-open-lightbox=\"yes\" data-e-action-hash=\"#elementor-action%3Aaction%3Dlightbox%26settings%3DeyJpZCI6NzI0MCwidXJsIjoiaHR0cHM6XC9cL3d3dy5ha2hkLmRlXC93cC1jb250ZW50XC91cGxvYWRzXC8yMDI1XC8wNFwvSU1HXzE2NjVfay5qcGcifQ%3D%3D\">\n\t\t\t\t\t\t\t<img fetchpriority=\"high\" decoding=\"async\" width=\"640\" height=\"376\" src=\"https:\/\/www.akhd.de\/wp-content\/uploads\/2025\/04\/IMG_1665_k.jpg\" class=\"attachment-large size-large wp-image-7240\" alt=\"\" srcset=\"https:\/\/www.akhd.de\/wp-content\/uploads\/2025\/04\/IMG_1665_k.jpg 800w, https:\/\/www.akhd.de\/wp-content\/uploads\/2025\/04\/IMG_1665_k-300x176.jpg 300w, https:\/\/www.akhd.de\/wp-content\/uploads\/2025\/04\/IMG_1665_k-768x451.jpg 768w\" sizes=\"(max-width: 640px) 100vw, 640px\" \/>\t\t\t\t\t\t\t\t<\/a>\n\t\t\t\t\t\t\t\t\t\t\t\t\t\t\t<\/div>\n\t\t\t\t<\/div>\n\t\t\t\t<div class=\"elementor-element elementor-element-147e588 elementor-widget elementor-widget-image\" data-id=\"147e588\" data-element_type=\"widget\" data-e-type=\"widget\" data-widget_type=\"image.default\">\n\t\t\t\t<div class=\"elementor-widget-container\">\n\t\t\t\t\t\t\t\t\t\t\t\t\t\t\t\t<a href=\"https:\/\/www.akhd.de\/wp-content\/uploads\/2025\/04\/IMG_1661_k.jpg\" data-elementor-open-lightbox=\"yes\" data-e-action-hash=\"#elementor-action%3Aaction%3Dlightbox%26settings%3DeyJpZCI6NzIzOSwidXJsIjoiaHR0cHM6XC9cL3d3dy5ha2hkLmRlXC93cC1jb250ZW50XC91cGxvYWRzXC8yMDI1XC8wNFwvSU1HXzE2NjFfay5qcGcifQ%3D%3D\">\n\t\t\t\t\t\t\t<img decoding=\"async\" width=\"640\" height=\"376\" src=\"https:\/\/www.akhd.de\/wp-content\/uploads\/2025\/04\/IMG_1661_k.jpg\" class=\"attachment-large size-large wp-image-7239\" alt=\"\" srcset=\"https:\/\/www.akhd.de\/wp-content\/uploads\/2025\/04\/IMG_1661_k.jpg 800w, https:\/\/www.akhd.de\/wp-content\/uploads\/2025\/04\/IMG_1661_k-300x176.jpg 300w, https:\/\/www.akhd.de\/wp-content\/uploads\/2025\/04\/IMG_1661_k-768x451.jpg 768w\" sizes=\"(max-width: 640px) 100vw, 640px\" \/>\t\t\t\t\t\t\t\t<\/a>\n\t\t\t\t\t\t\t\t\t\t\t\t\t\t\t<\/div>\n\t\t\t\t<\/div>\n\t\t\t\t<div class=\"elementor-element elementor-element-1731242 elementor-widget elementor-widget-image\" data-id=\"1731242\" data-element_type=\"widget\" data-e-type=\"widget\" data-widget_type=\"image.default\">\n\t\t\t\t<div class=\"elementor-widget-container\">\n\t\t\t\t\t\t\t\t\t\t\t\t\t\t\t\t<a href=\"https:\/\/www.akhd.de\/wp-content\/uploads\/2025\/04\/image00005_k.jpg\" data-elementor-open-lightbox=\"yes\" data-e-action-hash=\"#elementor-action%3Aaction%3Dlightbox%26settings%3DeyJpZCI6NzIzOCwidXJsIjoiaHR0cHM6XC9cL3d3dy5ha2hkLmRlXC93cC1jb250ZW50XC91cGxvYWRzXC8yMDI1XC8wNFwvaW1hZ2UwMDAwNV9rLmpwZyJ9\">\n\t\t\t\t\t\t\t<img decoding=\"async\" width=\"640\" height=\"376\" src=\"https:\/\/www.akhd.de\/wp-content\/uploads\/2025\/04\/image00005_k.jpg\" class=\"attachment-large size-large wp-image-7238\" alt=\"\" srcset=\"https:\/\/www.akhd.de\/wp-content\/uploads\/2025\/04\/image00005_k.jpg 800w, https:\/\/www.akhd.de\/wp-content\/uploads\/2025\/04\/image00005_k-300x176.jpg 300w, https:\/\/www.akhd.de\/wp-content\/uploads\/2025\/04\/image00005_k-768x451.jpg 768w\" sizes=\"(max-width: 640px) 100vw, 640px\" \/>\t\t\t\t\t\t\t\t<\/a>\n\t\t\t\t\t\t\t\t\t\t\t\t\t\t\t<\/div>\n\t\t\t\t<\/div>\n\t\t\t\t<div class=\"elementor-element elementor-element-0e3f592 elementor-widget elementor-widget-image\" data-id=\"0e3f592\" data-element_type=\"widget\" data-e-type=\"widget\" data-widget_type=\"image.default\">\n\t\t\t\t<div class=\"elementor-widget-container\">\n\t\t\t\t\t\t\t\t\t\t\t\t\t\t\t\t<a href=\"https:\/\/www.akhd.de\/wp-content\/uploads\/2025\/04\/image00004_k.jpg\" data-elementor-open-lightbox=\"yes\" data-e-action-hash=\"#elementor-action%3Aaction%3Dlightbox%26settings%3DeyJpZCI6NzIzNywidXJsIjoiaHR0cHM6XC9cL3d3dy5ha2hkLmRlXC93cC1jb250ZW50XC91cGxvYWRzXC8yMDI1XC8wNFwvaW1hZ2UwMDAwNF9rLmpwZyJ9\">\n\t\t\t\t\t\t\t<img loading=\"lazy\" decoding=\"async\" width=\"640\" height=\"376\" src=\"https:\/\/www.akhd.de\/wp-content\/uploads\/2025\/04\/image00004_k.jpg\" class=\"attachment-large size-large wp-image-7237\" alt=\"\" srcset=\"https:\/\/www.akhd.de\/wp-content\/uploads\/2025\/04\/image00004_k.jpg 800w, https:\/\/www.akhd.de\/wp-content\/uploads\/2025\/04\/image00004_k-300x176.jpg 300w, https:\/\/www.akhd.de\/wp-content\/uploads\/2025\/04\/image00004_k-768x451.jpg 768w\" sizes=\"(max-width: 640px) 100vw, 640px\" \/>\t\t\t\t\t\t\t\t<\/a>\n\t\t\t\t\t\t\t\t\t\t\t\t\t\t\t<\/div>\n\t\t\t\t<\/div>\n\t\t\t\t<div class=\"elementor-element elementor-element-a774e2f elementor-widget elementor-widget-image\" data-id=\"a774e2f\" data-element_type=\"widget\" data-e-type=\"widget\" data-widget_type=\"image.default\">\n\t\t\t\t<div class=\"elementor-widget-container\">\n\t\t\t\t\t\t\t\t\t\t\t\t\t\t\t\t<a href=\"https:\/\/www.akhd.de\/wp-content\/uploads\/2025\/04\/image00002_k.jpg\" data-elementor-open-lightbox=\"yes\" data-e-action-hash=\"#elementor-action%3Aaction%3Dlightbox%26settings%3DeyJpZCI6NzIzNiwidXJsIjoiaHR0cHM6XC9cL3d3dy5ha2hkLmRlXC93cC1jb250ZW50XC91cGxvYWRzXC8yMDI1XC8wNFwvaW1hZ2UwMDAwMl9rLmpwZyJ9\">\n\t\t\t\t\t\t\t<img loading=\"lazy\" decoding=\"async\" width=\"640\" height=\"376\" src=\"https:\/\/www.akhd.de\/wp-content\/uploads\/2025\/04\/image00002_k.jpg\" class=\"attachment-large size-large wp-image-7236\" alt=\"\" srcset=\"https:\/\/www.akhd.de\/wp-content\/uploads\/2025\/04\/image00002_k.jpg 800w, https:\/\/www.akhd.de\/wp-content\/uploads\/2025\/04\/image00002_k-300x176.jpg 300w, https:\/\/www.akhd.de\/wp-content\/uploads\/2025\/04\/image00002_k-768x451.jpg 768w\" sizes=\"(max-width: 640px) 100vw, 640px\" \/>\t\t\t\t\t\t\t\t<\/a>\n\t\t\t\t\t\t\t\t\t\t\t\t\t\t\t<\/div>\n\t\t\t\t<\/div>\n\t\t\t\t\t<\/div>\n\t\t\t\t<\/div>\n\t\t\t\t<\/div>\n\t\t","protected":false},"excerpt":{"rendered":"<p>Die Tagesklinik Deh Sabz \u2013 Medizinische Hilfe f\u00fcr Frauen und Kinder Die Tagesklinik in Deh Sabz wurde im Jahr 2003 aufgebaut. Sie liegt nord\u00f6stlich von Kabul, 25 Kilometer entfernt vom Zentrum, und ist die einzige Einrichtung dieser Art f\u00fcr rund [&hellip;]<\/p>\n","protected":false},"author":2,"featured_media":303,"parent":1534,"menu_order":0,"comment_status":"closed","ping_status":"closed","template":"","meta":{"footnotes":""},"class_list":["post-1598","page","type-page","status-publish","has-post-thumbnail","hentry"],"_links":{"self":[{"href":"https:\/\/www.akhd.de\/index.php\/wp-json\/wp\/v2\/pages\/1598","targetHints":{"allow":["GET"]}}],"collection":[{"href":"https:\/\/www.akhd.de\/index.php\/wp-json\/wp\/v2\/pages"}],"about":[{"href":"https:\/\/www.akhd.de\/index.php\/wp-json\/wp\/v2\/types\/page"}],"author":[{"embeddable":true,"href":"https:\/\/www.akhd.de\/index.php\/wp-json\/wp\/v2\/users\/2"}],"replies":[{"embeddable":true,"href":"https:\/\/www.akhd.de\/index.php\/wp-json\/wp\/v2\/comments?post=1598"}],"version-history":[{"count":40,"href":"https:\/\/www.akhd.de\/index.php\/wp-json\/wp\/v2\/pages\/1598\/revisions"}],"predecessor-version":[{"id":7817,"href":"https:\/\/www.akhd.de\/index.php\/wp-json\/wp\/v2\/pages\/1598\/revisions\/7817"}],"up":[{"embeddable":true,"href":"https:\/\/www.akhd.de\/index.php\/wp-json\/wp\/v2\/pages\/1534"}],"wp:featuredmedia":[{"embeddable":true,"href":"https:\/\/www.akhd.de\/index.php\/wp-json\/wp\/v2\/media\/303"}],"wp:attachment":[{"href":"https:\/\/www.akhd.de\/index.php\/wp-json\/wp\/v2\/media?parent=1598"}],"curies":[{"name":"wp","href":"https:\/\/api.w.org\/{rel}","templated":true}]}}