{"id":5698,"date":"2019-05-07T13:07:12","date_gmt":"2019-05-07T13:07:12","guid":{"rendered":"http:\/\/charitywp.thimpress.com\/elementer-1\/?page_id=5698"},"modified":"2025-05-17T19:13:14","modified_gmt":"2025-05-17T19:13:14","slug":"faq","status":"publish","type":"page","link":"https:\/\/www.akhd.de\/index.php\/ueber-uns\/faq\/","title":{"rendered":"FAQ"},"content":{"rendered":"\t\t<div data-elementor-type=\"wp-post\" data-elementor-id=\"5698\" class=\"elementor elementor-5698\">\n\t\t\t\t<div class=\"elementor-element elementor-element-5b980d1 e-flex e-con-boxed e-con e-parent\" data-id=\"5b980d1\" data-element_type=\"container\" data-e-type=\"container\">\n\t\t\t\t\t<div class=\"e-con-inner\">\n\t\t\t\t<div class=\"elementor-element elementor-element-77c15a8 elementor-widget elementor-widget-heading\" data-id=\"77c15a8\" data-element_type=\"widget\" data-e-type=\"widget\" data-widget_type=\"heading.default\">\n\t\t\t\t<div class=\"elementor-widget-container\">\n\t\t\t\t\t<h2 class=\"elementor-heading-title elementor-size-default\"><span>H\u00e4ufig gestellte Fragen zur Afghanischen Kinderhilfe Deutschland e.V.<\/span><\/h2>\t\t\t\t<\/div>\n\t\t\t\t<\/div>\n\t\t\t\t<div class=\"elementor-element elementor-element-61c1164 elementor-widget elementor-widget-text-editor\" data-id=\"61c1164\" data-element_type=\"widget\" data-e-type=\"widget\" data-widget_type=\"text-editor.default\">\n\t\t\t\t<div class=\"elementor-widget-container\">\n\t\t\t\t\t\t\t\t\t<p>Willkommen auf unserer FAQ-Seite! Hier haben wir Antworten auf die h\u00e4ufigsten Fragen rund um unsere Arbeit und die Unterst\u00fctzung der Afghanischen Kinderhilfe Deutschland e.V. zusammengestellt. Erfahren Sie mehr \u00fcber unsere Projekte, Spendenm\u00f6glichkeiten und wie Sie sich engagieren k\u00f6nnen. Falls Ihre Frage hier nicht beantwortet wird, <a href=\"https:\/\/www.akhd.de\/index.php\/contact\/\">freuen wir uns, Ihnen pers\u00f6nlich weiterzuhelfen<\/a>.<\/p>\t\t\t\t\t\t\t\t<\/div>\n\t\t\t\t<\/div>\n\t\t\t\t<div class=\"elementor-element elementor-element-37ef7ec elementor-widget elementor-widget-n-accordion\" data-id=\"37ef7ec\" data-element_type=\"widget\" data-e-type=\"widget\" data-settings=\"{&quot;default_state&quot;:&quot;expanded&quot;,&quot;max_items_expended&quot;:&quot;one&quot;,&quot;n_accordion_animation_duration&quot;:{&quot;unit&quot;:&quot;ms&quot;,&quot;size&quot;:400,&quot;sizes&quot;:[]}}\" data-widget_type=\"nested-accordion.default\">\n\t\t\t\t<div class=\"elementor-widget-container\">\n\t\t\t\t\t\t\t<div class=\"e-n-accordion\" aria-label=\"Accordion. Open links with Enter or Space, close with Escape, and navigate with Arrow Keys\">\n\t\t\t\t\t\t<details id=\"e-n-accordion-item-5860\" class=\"e-n-accordion-item\" open>\n\t\t\t\t<summary class=\"e-n-accordion-item-title\" data-accordion-index=\"1\" tabindex=\"0\" aria-expanded=\"true\" aria-controls=\"e-n-accordion-item-5860\" >\n\t\t\t\t\t<span class='e-n-accordion-item-title-header'><div class=\"e-n-accordion-item-title-text\"> Wie viel Geld gibt der Verein aus \u2013 und wofu\u0308r? <\/div><\/span>\n\t\t\t\t\t\t\t<span class='e-n-accordion-item-title-icon'>\n\t\t\t<span class='e-opened' ><svg aria-hidden=\"true\" class=\"e-font-icon-svg e-fas-minus\" viewBox=\"0 0 448 512\" xmlns=\"http:\/\/www.w3.org\/2000\/svg\"><path d=\"M416 208H32c-17.67 0-32 14.33-32 32v32c0 17.67 14.33 32 32 32h384c17.67 0 32-14.33 32-32v-32c0-17.67-14.33-32-32-32z\"><\/path><\/svg><\/span>\n\t\t\t<span class='e-closed'><svg aria-hidden=\"true\" class=\"e-font-icon-svg e-fas-plus\" viewBox=\"0 0 448 512\" xmlns=\"http:\/\/www.w3.org\/2000\/svg\"><path d=\"M416 208H272V64c0-17.67-14.33-32-32-32h-32c-17.67 0-32 14.33-32 32v144H32c-17.67 0-32 14.33-32 32v32c0 17.67 14.33 32 32 32h144v144c0 17.67 14.33 32 32 32h32c17.67 0 32-14.33 32-32V304h144c17.67 0 32-14.33 32-32v-32c0-17.67-14.33-32-32-32z\"><\/path><\/svg><\/span>\n\t\t<\/span>\n\n\t\t\t\t\t\t<\/summary>\n\t\t\t\t<div role=\"region\" aria-labelledby=\"e-n-accordion-item-5860\" class=\"elementor-element elementor-element-29b9f7a e-con-full e-flex e-con e-child\" data-id=\"29b9f7a\" data-element_type=\"container\" data-e-type=\"container\">\n\t\t\t\t<div class=\"elementor-element elementor-element-3263156 elementor-widget elementor-widget-text-editor\" data-id=\"3263156\" data-element_type=\"widget\" data-e-type=\"widget\" data-widget_type=\"text-editor.default\">\n\t\t\t\t<div class=\"elementor-widget-container\">\n\t\t\t\t\t\t\t\t\t<p>Der Lo\u0308wenanteil der von der AKHD gesammelten Gelder flie\u00dft direkt in die vier Projekte im Gro\u00dfraum Kabul. Im Jahr 2023 gab der Verein rund 260.000 Euro aus (alle weiteren Zahlen ebenfalls gerundet). 137.000 Euro flossen dabei allein in die Geha\u0308lter fu\u0308r das Klinik- und Schulpersonal, 121.000 Euro in die Sachkosten f\u00fcr die Projekte. Fu\u0308r Porto und Werbung gab der Verein 1.700 Euro aus. Das komplette Zahlenwerk findet sich im Jahresbericht 2023.<\/p>\t\t\t\t\t\t\t\t<\/div>\n\t\t\t\t<\/div>\n\t\t\t\t<\/div>\n\t\t\t\t\t<\/details>\n\t\t\t\t\t\t<details id=\"e-n-accordion-item-5861\" class=\"e-n-accordion-item\" >\n\t\t\t\t<summary class=\"e-n-accordion-item-title\" data-accordion-index=\"2\" tabindex=\"-1\" aria-expanded=\"false\" aria-controls=\"e-n-accordion-item-5861\" >\n\t\t\t\t\t<span class='e-n-accordion-item-title-header'><div class=\"e-n-accordion-item-title-text\"> Wie kann ich mich engagieren? <\/div><\/span>\n\t\t\t\t\t\t\t<span class='e-n-accordion-item-title-icon'>\n\t\t\t<span class='e-opened' ><svg aria-hidden=\"true\" class=\"e-font-icon-svg e-fas-minus\" viewBox=\"0 0 448 512\" xmlns=\"http:\/\/www.w3.org\/2000\/svg\"><path d=\"M416 208H32c-17.67 0-32 14.33-32 32v32c0 17.67 14.33 32 32 32h384c17.67 0 32-14.33 32-32v-32c0-17.67-14.33-32-32-32z\"><\/path><\/svg><\/span>\n\t\t\t<span class='e-closed'><svg aria-hidden=\"true\" class=\"e-font-icon-svg e-fas-plus\" viewBox=\"0 0 448 512\" xmlns=\"http:\/\/www.w3.org\/2000\/svg\"><path d=\"M416 208H272V64c0-17.67-14.33-32-32-32h-32c-17.67 0-32 14.33-32 32v144H32c-17.67 0-32 14.33-32 32v32c0 17.67 14.33 32 32 32h144v144c0 17.67 14.33 32 32 32h32c17.67 0 32-14.33 32-32V304h144c17.67 0 32-14.33 32-32v-32c0-17.67-14.33-32-32-32z\"><\/path><\/svg><\/span>\n\t\t<\/span>\n\n\t\t\t\t\t\t<\/summary>\n\t\t\t\t<div role=\"region\" aria-labelledby=\"e-n-accordion-item-5861\" class=\"elementor-element elementor-element-44094f4 e-con-full e-flex e-con e-child\" data-id=\"44094f4\" data-element_type=\"container\" data-e-type=\"container\">\n\t\t\t\t<div class=\"elementor-element elementor-element-6f1a4e8 elementor-widget elementor-widget-text-editor\" data-id=\"6f1a4e8\" data-element_type=\"widget\" data-e-type=\"widget\" data-widget_type=\"text-editor.default\">\n\t\t\t\t<div class=\"elementor-widget-container\">\n\t\t\t\t\t\t\t\t\t<p>Der Verein braucht Mitglieder, Fo\u0308rderer und\/oder Menschen, die bei der Organisation von Vereins-Aktionen helfen \u2013 vom Benefizkonzert bis zur Pra\u0308sentation der Vereinsaktivita\u0308ten auf Weihnachtsma\u0308rkten oder a\u0308hnlichen Gelegenheiten. Neue Ideen sind ebenfalls willkommen! Interessenten ko\u0308nnen eine Mail schreiben an <a href=\"mailto:info@akhd.de\">info@akhd.de<\/a> oder per Post an die Afghanische Kinderhilfe Deutschland e.V., Novalisstr. 8, 40474 Du\u0308sseldorf.<\/p>\t\t\t\t\t\t\t\t<\/div>\n\t\t\t\t<\/div>\n\t\t\t\t<\/div>\n\t\t\t\t\t<\/details>\n\t\t\t\t\t\t<details id=\"e-n-accordion-item-5862\" class=\"e-n-accordion-item\" >\n\t\t\t\t<summary class=\"e-n-accordion-item-title\" data-accordion-index=\"3\" tabindex=\"-1\" aria-expanded=\"false\" aria-controls=\"e-n-accordion-item-5862\" >\n\t\t\t\t\t<span class='e-n-accordion-item-title-header'><div class=\"e-n-accordion-item-title-text\"> Wer kann Mitglied werden und wie? <\/div><\/span>\n\t\t\t\t\t\t\t<span class='e-n-accordion-item-title-icon'>\n\t\t\t<span class='e-opened' ><svg aria-hidden=\"true\" class=\"e-font-icon-svg e-fas-minus\" viewBox=\"0 0 448 512\" xmlns=\"http:\/\/www.w3.org\/2000\/svg\"><path d=\"M416 208H32c-17.67 0-32 14.33-32 32v32c0 17.67 14.33 32 32 32h384c17.67 0 32-14.33 32-32v-32c0-17.67-14.33-32-32-32z\"><\/path><\/svg><\/span>\n\t\t\t<span class='e-closed'><svg aria-hidden=\"true\" class=\"e-font-icon-svg e-fas-plus\" viewBox=\"0 0 448 512\" xmlns=\"http:\/\/www.w3.org\/2000\/svg\"><path d=\"M416 208H272V64c0-17.67-14.33-32-32-32h-32c-17.67 0-32 14.33-32 32v144H32c-17.67 0-32 14.33-32 32v32c0 17.67 14.33 32 32 32h144v144c0 17.67 14.33 32 32 32h32c17.67 0 32-14.33 32-32V304h144c17.67 0 32-14.33 32-32v-32c0-17.67-14.33-32-32-32z\"><\/path><\/svg><\/span>\n\t\t<\/span>\n\n\t\t\t\t\t\t<\/summary>\n\t\t\t\t<div role=\"region\" aria-labelledby=\"e-n-accordion-item-5862\" class=\"elementor-element elementor-element-ce03c94 e-con-full e-flex e-con e-child\" data-id=\"ce03c94\" data-element_type=\"container\" data-e-type=\"container\">\n\t\t<div role=\"region\" aria-labelledby=\"e-n-accordion-item-5862\" class=\"elementor-element elementor-element-84fc2e1 e-flex e-con-boxed e-con e-child\" data-id=\"84fc2e1\" data-element_type=\"container\" data-e-type=\"container\">\n\t\t\t\t\t<div class=\"e-con-inner\">\n\t\t\t\t<div class=\"elementor-element elementor-element-0caffd0 elementor-widget elementor-widget-text-editor\" data-id=\"0caffd0\" data-element_type=\"widget\" data-e-type=\"widget\" data-widget_type=\"text-editor.default\">\n\t\t\t\t<div class=\"elementor-widget-container\">\n\t\t\t\t\t\t\t\t\t<p>Grundsa\u0308tzlich jede Interessentin, jeder Interessent. U\u0308ber den Mitgliedsantrag entscheidet der Vorstand. Bisher wurde noch kein Mitgliedsantrag abgelehnt. Ein mo\u0308glicher Ablehnungsgrund wa\u0308re, wenn sich jemand offensichtlich gegen die in der Satzung ausgesprochenen Ziele ausspricht. Der derzeitige Mitgliedsbeitrag betra\u0308gt 60 Euro pro Jahr. Auf eigenen Wunsch des Mitglieds kann er aber auch ho\u0308her ausfallen. Anfang 2025 hat die Afghanische Kinderhilfe Deutschland e.V. rund 140 Mitglieder. Einen Beitrittsantrag k\u00f6nnen Sie <a href=\"https:\/\/www.akhd.de\/wp-content\/uploads\/2025\/05\/AKHD_Beitritt.pdf\" target=\"_blank\" rel=\"noopener\">hier herunterladen<\/a> oder <a href=\"https:\/\/www.akhd.de\/index.php\/mitglied-werden\/\">hier online ausf\u00fcllen<\/a>.<\/p>\t\t\t\t\t\t\t\t<\/div>\n\t\t\t\t<\/div>\n\t\t\t\t\t<\/div>\n\t\t\t\t<\/div>\n\t\t\t\t<\/div>\n\t\t\t\t\t<\/details>\n\t\t\t\t\t\t<details id=\"e-n-accordion-item-5863\" class=\"e-n-accordion-item\" >\n\t\t\t\t<summary class=\"e-n-accordion-item-title\" data-accordion-index=\"4\" tabindex=\"-1\" aria-expanded=\"false\" aria-controls=\"e-n-accordion-item-5863\" >\n\t\t\t\t\t<span class='e-n-accordion-item-title-header'><div class=\"e-n-accordion-item-title-text\"> Wer kontrolliert, wohin das Geld flie\u00dft? <\/div><\/span>\n\t\t\t\t\t\t\t<span class='e-n-accordion-item-title-icon'>\n\t\t\t<span class='e-opened' ><svg aria-hidden=\"true\" class=\"e-font-icon-svg e-fas-minus\" viewBox=\"0 0 448 512\" xmlns=\"http:\/\/www.w3.org\/2000\/svg\"><path d=\"M416 208H32c-17.67 0-32 14.33-32 32v32c0 17.67 14.33 32 32 32h384c17.67 0 32-14.33 32-32v-32c0-17.67-14.33-32-32-32z\"><\/path><\/svg><\/span>\n\t\t\t<span class='e-closed'><svg aria-hidden=\"true\" class=\"e-font-icon-svg e-fas-plus\" viewBox=\"0 0 448 512\" xmlns=\"http:\/\/www.w3.org\/2000\/svg\"><path d=\"M416 208H272V64c0-17.67-14.33-32-32-32h-32c-17.67 0-32 14.33-32 32v144H32c-17.67 0-32 14.33-32 32v32c0 17.67 14.33 32 32 32h144v144c0 17.67 14.33 32 32 32h32c17.67 0 32-14.33 32-32V304h144c17.67 0 32-14.33 32-32v-32c0-17.67-14.33-32-32-32z\"><\/path><\/svg><\/span>\n\t\t<\/span>\n\n\t\t\t\t\t\t<\/summary>\n\t\t\t\t<div role=\"region\" aria-labelledby=\"e-n-accordion-item-5863\" class=\"elementor-element elementor-element-31b5a4d e-flex e-con-boxed e-con e-child\" data-id=\"31b5a4d\" data-element_type=\"container\" data-e-type=\"container\">\n\t\t\t\t\t<div class=\"e-con-inner\">\n\t\t\t\t<div class=\"elementor-element elementor-element-c4f3b3e elementor-widget elementor-widget-text-editor\" data-id=\"c4f3b3e\" data-element_type=\"widget\" data-e-type=\"widget\" data-widget_type=\"text-editor.default\">\n\t\t\t\t<div class=\"elementor-widget-container\">\n\t\t\t\t\t\t\t\t\t<p>In Deutschland gibt es gleich mehrere Pru\u0308finstanzen: unseren Steuerpru\u0308fer, das Finanzamt, unsere Kassenpru\u0308fer \u2013 u\u0308brigens ein ehemaliger Steuerfahnder und ein Verwaltungsfachmann \u2013 und das Deutsche Zentralinstitut fu\u0308r soziale Fragen, das uns ja\u0308hrlich auf Antrag das DZI-Siegel verleiht. Vor Ort kontrolliert ein Gescha\u0308ftsfu\u0308hrer die Finanzen der Projekte. Er schickt regelma\u0308\u00dfig Listen und Berichte nach Deutschland.<\/p>\t\t\t\t\t\t\t\t<\/div>\n\t\t\t\t<\/div>\n\t\t\t\t\t<\/div>\n\t\t\t\t<\/div>\n\t\t\t\t\t<\/details>\n\t\t\t\t\t<\/div>\n\t\t\t\t\t<script type=\"application\/ld+json\">{\"@context\":\"https:\\\/\\\/schema.org\",\"@type\":\"FAQPage\",\"mainEntity\":[{\"@type\":\"Question\",\"name\":\"Wie viel Geld gibt der Verein aus \\u2013 und wofu\\u0308r?\",\"acceptedAnswer\":{\"@type\":\"Answer\",\"text\":\"Der Lo\\u0308wenanteil der von der AKHD gesammelten Gelder flie\\u00dft direkt in die vier Projekte im Gro\\u00dfraum Kabul. Im Jahr 2023 gab der Verein rund 260.000 Euro aus (alle weiteren Zahlen ebenfalls gerundet). 137.000 Euro flossen dabei allein in die Geha\\u0308lter fu\\u0308r das Klinik- und Schulpersonal, 121.000 Euro in die Sachkosten f\\u00fcr die Projekte. Fu\\u0308r Porto und Werbung gab der Verein 1.700 Euro aus. Das komplette Zahlenwerk findet sich im Jahresbericht 2023.\"}},{\"@type\":\"Question\",\"name\":\"Wie kann ich mich engagieren?\",\"acceptedAnswer\":{\"@type\":\"Answer\",\"text\":\"Der Verein braucht Mitglieder, Fo\\u0308rderer und\\\/oder Menschen, die bei der Organisation von Vereins-Aktionen helfen \\u2013 vom Benefizkonzert bis zur Pra\\u0308sentation der Vereinsaktivita\\u0308ten auf Weihnachtsma\\u0308rkten oder a\\u0308hnlichen Gelegenheiten. Neue Ideen sind ebenfalls willkommen! Interessenten ko\\u0308nnen eine Mail schreiben an info@akhd.de oder per Post an die Afghanische Kinderhilfe Deutschland e.V., Novalisstr. 8, 40474 Du\\u0308sseldorf.\"}},{\"@type\":\"Question\",\"name\":\"Wer kann Mitglied werden und wie?\",\"acceptedAnswer\":{\"@type\":\"Answer\",\"text\":\"Grundsa\\u0308tzlich jede Interessentin, jeder Interessent. U\\u0308ber den Mitgliedsantrag entscheidet der Vorstand. Bisher wurde noch kein Mitgliedsantrag abgelehnt. Ein mo\\u0308glicher Ablehnungsgrund wa\\u0308re, wenn sich jemand offensichtlich gegen die in der Satzung ausgesprochenen Ziele ausspricht. Der derzeitige Mitgliedsbeitrag betra\\u0308gt 60 Euro pro Jahr. Auf eigenen Wunsch des Mitglieds kann er aber auch ho\\u0308her ausfallen. Anfang 2025 hat die Afghanische Kinderhilfe Deutschland e.V. rund 140 Mitglieder. Einen Beitrittsantrag k\\u00f6nnen Sie hier herunterladen oder hier online ausf\\u00fcllen.\"}},{\"@type\":\"Question\",\"name\":\"Wer kontrolliert, wohin das Geld flie\\u00dft?\",\"acceptedAnswer\":{\"@type\":\"Answer\",\"text\":\"In Deutschland gibt es gleich mehrere Pru\\u0308finstanzen: unseren Steuerpru\\u0308fer, das Finanzamt, unsere Kassenpru\\u0308fer \\u2013 u\\u0308brigens ein ehemaliger Steuerfahnder und ein Verwaltungsfachmann \\u2013 und das Deutsche Zentralinstitut fu\\u0308r soziale Fragen, das uns ja\\u0308hrlich auf Antrag das DZI-Siegel verleiht. Vor Ort kontrolliert ein Gescha\\u0308ftsfu\\u0308hrer die Finanzen der Projekte. Er schickt regelma\\u0308\\u00dfig Listen und Berichte nach Deutschland.\"}}]}<\/script>\n\t\t\t\t\t\t\t<\/div>\n\t\t\t\t<\/div>\n\t\t\t\t\t<\/div>\n\t\t\t\t<\/div>\n\t\t\t\t<\/div>\n\t\t","protected":false},"excerpt":{"rendered":"<p>H\u00e4ufig gestellte Fragen zur Afghanischen Kinderhilfe Deutschland e.V. Willkommen auf unserer FAQ-Seite! Hier haben wir Antworten auf die h\u00e4ufigsten Fragen rund um unsere Arbeit und die Unterst\u00fctzung der Afghanischen Kinderhilfe Deutschland e.V. zusammengestellt. Erfahren Sie mehr \u00fcber unsere Projekte, Spendenm\u00f6glichkeiten [&hellip;]<\/p>\n","protected":false},"author":2,"featured_media":0,"parent":1583,"menu_order":0,"comment_status":"closed","ping_status":"closed","template":"","meta":{"footnotes":""},"class_list":["post-5698","page","type-page","status-publish","hentry"],"_links":{"self":[{"href":"https:\/\/www.akhd.de\/index.php\/wp-json\/wp\/v2\/pages\/5698","targetHints":{"allow":["GET"]}}],"collection":[{"href":"https:\/\/www.akhd.de\/index.php\/wp-json\/wp\/v2\/pages"}],"about":[{"href":"https:\/\/www.akhd.de\/index.php\/wp-json\/wp\/v2\/types\/page"}],"author":[{"embeddable":true,"href":"https:\/\/www.akhd.de\/index.php\/wp-json\/wp\/v2\/users\/2"}],"replies":[{"embeddable":true,"href":"https:\/\/www.akhd.de\/index.php\/wp-json\/wp\/v2\/comments?post=5698"}],"version-history":[{"count":33,"href":"https:\/\/www.akhd.de\/index.php\/wp-json\/wp\/v2\/pages\/5698\/revisions"}],"predecessor-version":[{"id":7301,"href":"https:\/\/www.akhd.de\/index.php\/wp-json\/wp\/v2\/pages\/5698\/revisions\/7301"}],"up":[{"embeddable":true,"href":"https:\/\/www.akhd.de\/index.php\/wp-json\/wp\/v2\/pages\/1583"}],"wp:attachment":[{"href":"https:\/\/www.akhd.de\/index.php\/wp-json\/wp\/v2\/media?parent=5698"}],"curies":[{"name":"wp","href":"https:\/\/api.w.org\/{rel}","templated":true}]}}