{"id":5724,"date":"2019-05-07T13:40:30","date_gmt":"2019-05-07T13:40:30","guid":{"rendered":"http:\/\/charitywp.thimpress.com\/elementer-1\/?page_id=5724"},"modified":"2025-05-17T19:10:53","modified_gmt":"2025-05-17T19:10:53","slug":"mitglied-werden","status":"publish","type":"page","link":"https:\/\/www.akhd.de\/index.php\/mitglied-werden\/","title":{"rendered":"MITGLIED WERDEN"},"content":{"rendered":"\t\t<div data-elementor-type=\"wp-post\" data-elementor-id=\"5724\" class=\"elementor elementor-5724\">\n\t\t\t\t\t\t<section class=\"elementor-section elementor-top-section elementor-element elementor-element-01f603e elementor-section-boxed elementor-section-height-default elementor-section-height-default\" data-id=\"01f603e\" data-element_type=\"section\" data-e-type=\"section\">\n\t\t\t\t\t\t<div class=\"elementor-container elementor-column-gap-default\">\n\t\t\t\t\t<div class=\"elementor-column elementor-col-100 elementor-top-column elementor-element elementor-element-5875cc7\" data-id=\"5875cc7\" data-element_type=\"column\" data-e-type=\"column\">\n\t\t\t<div class=\"elementor-widget-wrap elementor-element-populated\">\n\t\t\t\t\t\t<div class=\"elementor-element elementor-element-b652538 elementor-widget elementor-widget-thim-heading\" data-id=\"b652538\" data-element_type=\"widget\" data-e-type=\"widget\" data-widget_type=\"thim-heading.default\">\n\t\t\t\t<div class=\"elementor-widget-container\">\n\t\t\t\t\t<div class=\"thim-widget-heading template-heading\"><div class=\"thim-heading text-center \"><div class=\"sc-heading article_heading \" style=\";\"><h3 class=\"heading__primary wrapper-line-heading\"><span><\/span><span>Wir brauchen Ihre Unterst\u00fctzung<\/span><span><\/span><\/h3><p class=\"heading__secondary\"   >Werden Sie Mitglied und helfen Sie uns dabei, Kindern in Afghanistan eine Perspektive zu geben. Jedes Engagement z\u00e4hlt!<\/p><span class=\"line-heading\" ><\/span><\/div><\/div><\/div>\t\t\t\t<\/div>\n\t\t\t\t<\/div>\n\t\t\t\t<div class=\"elementor-element elementor-element-f964005 elementor-widget elementor-widget-text-editor\" data-id=\"f964005\" data-element_type=\"widget\" data-e-type=\"widget\" data-widget_type=\"text-editor.default\">\n\t\t\t\t<div class=\"elementor-widget-container\">\n\t\t\t\t\t\t\t\t\t<p>Mit Ihrer regelm\u00e4\u00dfigen Spende tragen Sie dazu bei, dass Kinder in Afghanistan Zugang zu dringend ben\u00f6tigter Versorgung und Schulbildung erhalten. Gemeinsam k\u00f6nnen wir ihnen Hoffnung und Perspektiven f\u00fcr ein besseres Leben schenken.<\/p>\t\t\t\t\t\t\t\t<\/div>\n\t\t\t\t<\/div>\n\t\t\t\t<div class=\"elementor-element elementor-element-7fab7e2 elementor-widget elementor-widget-wpforms\" data-id=\"7fab7e2\" data-element_type=\"widget\" data-e-type=\"widget\" data-widget_type=\"wpforms.default\">\n\t\t\t\t<div class=\"elementor-widget-container\">\n\t\t\t\t\t<div class=\"wpforms-container wpforms-container-full wpforms-render-modern\" id=\"wpforms-7275\"><form id=\"wpforms-form-7275\" class=\"wpforms-validate wpforms-form wpforms-ajax-form\" data-formid=\"7275\" method=\"post\" enctype=\"multipart\/form-data\" action=\"\/index.php\/wp-json\/wp\/v2\/pages\/5724\" data-token=\"145b6743606c64e7b6d2edbbbd4ff164\" data-token-time=\"1776656330\"><noscript class=\"wpforms-error-noscript\">Bitte aktiviere JavaScript in deinem Browser, um dieses Formular fertigzustellen.<\/noscript><div id=\"wpforms-error-noscript\" style=\"display: none;\">Bitte aktiviere JavaScript in deinem Browser, um dieses Formular fertigzustellen.<\/div><div class=\"wpforms-field-container\">\t\t<div id=\"wpforms-7275-field_11-container\"\n\t\t\tclass=\"wpforms-field wpforms-field-text\"\n\t\t\tdata-field-type=\"text\"\n\t\t\tdata-field-id=\"11\"\n\t\t\t>\n\t\t\t<label class=\"wpforms-field-label\" for=\"wpforms-7275-field_11\" >PLZ 60 des<\/label>\n\t\t\t<input type=\"text\" id=\"wpforms-7275-field_11\" class=\"wpforms-field-medium\" name=\"wpforms[fields][11]\" >\n\t\t<\/div>\n\t\t<div id=\"wpforms-7275-field_3-container\" class=\"wpforms-field wpforms-field-checkbox\" data-field-id=\"3\"><fieldset><legend class=\"wpforms-field-label\">Beitrittsantrag <span class=\"wpforms-required-label\" aria-hidden=\"true\">*<\/span><\/legend><ul id=\"wpforms-7275-field_3\" class=\"wpforms-field-required\"><li class=\"choice-1 depth-1\"><input type=\"checkbox\" id=\"wpforms-7275-field_3_1\" name=\"wpforms[fields][3][]\" value=\"Hiermit beantrage ich die Mitgliedschaft bei der Afghanischen Kinderhilfe Deutschland e.V.\" aria-errormessage=\"wpforms-7275-field_3_1-error\" required ><label class=\"wpforms-field-label-inline\" for=\"wpforms-7275-field_3_1\">Hiermit beantrage ich die Mitgliedschaft bei der Afghanischen Kinderhilfe Deutschland e.V.<\/label><\/li><\/ul><\/fieldset><\/div><div id=\"wpforms-7275-field_6-container\" class=\"wpforms-field wpforms-field-email\" data-field-id=\"6\"><label class=\"wpforms-field-label\" for=\"wpforms-7275-field_6\">E-Mail-Adresse <span class=\"wpforms-required-label\" aria-hidden=\"true\">*<\/span><\/label><input type=\"email\" id=\"wpforms-7275-field_6\" class=\"wpforms-field-medium wpforms-field-required\" name=\"wpforms[fields][6]\" spellcheck=\"false\" aria-errormessage=\"wpforms-7275-field_6-error\" required><\/div><div id=\"wpforms-7275-field_1-container\" class=\"wpforms-field wpforms-field-name\" data-field-id=\"1\"><fieldset><legend class=\"wpforms-field-label\">Name <span class=\"wpforms-required-label\" aria-hidden=\"true\">*<\/span><\/legend><div class=\"wpforms-field-row wpforms-field-medium\"><div class=\"wpforms-field-row-block wpforms-first wpforms-one-half\"><input type=\"text\" id=\"wpforms-7275-field_1\" class=\"wpforms-field-name-first wpforms-field-required\" name=\"wpforms[fields][1][first]\" aria-errormessage=\"wpforms-7275-field_1-error\" required><label for=\"wpforms-7275-field_1\" class=\"wpforms-field-sublabel after\">Vorname<\/label><\/div><div class=\"wpforms-field-row-block wpforms-one-half\"><input type=\"text\" id=\"wpforms-7275-field_1-last\" class=\"wpforms-field-name-last wpforms-field-required\" name=\"wpforms[fields][1][last]\" aria-errormessage=\"wpforms-7275-field_1-last-error\" required><label for=\"wpforms-7275-field_1-last\" class=\"wpforms-field-sublabel after\">Nachname<\/label><\/div><\/div><\/fieldset><\/div><div id=\"wpforms-7275-field_4-container\" class=\"wpforms-field wpforms-field-text\" data-field-id=\"4\"><label class=\"wpforms-field-label\" for=\"wpforms-7275-field_4\">Stra\u00dfe &amp; Hausnummer <span class=\"wpforms-required-label\" aria-hidden=\"true\">*<\/span><\/label><input type=\"text\" id=\"wpforms-7275-field_4\" class=\"wpforms-field-medium wpforms-field-required\" name=\"wpforms[fields][4]\" aria-errormessage=\"wpforms-7275-field_4-error\" required><\/div><div id=\"wpforms-7275-field_5-container\" class=\"wpforms-field wpforms-field-text\" data-field-id=\"5\"><label class=\"wpforms-field-label\" for=\"wpforms-7275-field_5\">PLZ &amp; Stadt <span class=\"wpforms-required-label\" aria-hidden=\"true\">*<\/span><\/label><input type=\"text\" id=\"wpforms-7275-field_5\" class=\"wpforms-field-medium wpforms-field-required\" name=\"wpforms[fields][5]\" aria-errormessage=\"wpforms-7275-field_5-error\" required><\/div><div id=\"wpforms-7275-field_9-container\" class=\"wpforms-field wpforms-field-text\" data-field-id=\"9\"><label class=\"wpforms-field-label\" for=\"wpforms-7275-field_9\">Jahresbeitrag (min. 60 \u20ac) <span class=\"wpforms-required-label\" aria-hidden=\"true\">*<\/span><\/label><input type=\"text\" id=\"wpforms-7275-field_9\" class=\"wpforms-field-medium wpforms-field-required\" name=\"wpforms[fields][9]\" aria-errormessage=\"wpforms-7275-field_9-error\" aria-describedby=\"wpforms-7275-field_9-description\" required><div id=\"wpforms-7275-field_9-description\" class=\"wpforms-field-description\">Jahresbeitrag und Spenden sind abzugsf\u00e4hig, weil der Verein als gemeinn\u00fctzig anerkannt ist. Eine entsprechende\nBescheinigung zur Vorlage beim Finanzamt geht jedem Mitglied auf Wunsch zu. Der Verein bittet die Mitglieder zwecks\nVerwaltungsvereinfachung, ihm eine Einzugserm\u00e4chtigung zu erteilen. Die Beitrittserkl\u00e4rung kann innerhalb von zwei\nWochen widerrufen werden.<\/div><\/div><div id=\"wpforms-7275-field_7-container\" class=\"wpforms-field wpforms-field-text\" data-field-id=\"7\"><label class=\"wpforms-field-label\" for=\"wpforms-7275-field_7\">IBAN <span class=\"wpforms-required-label\" aria-hidden=\"true\">*<\/span><\/label><input type=\"text\" id=\"wpforms-7275-field_7\" class=\"wpforms-field-medium wpforms-field-required\" name=\"wpforms[fields][7]\" aria-errormessage=\"wpforms-7275-field_7-error\" aria-describedby=\"wpforms-7275-field_7-description\" required><div id=\"wpforms-7275-field_7-description\" class=\"wpforms-field-description\">Bitte geben Sie Ihre IBAN f\u00fcr den j\u00e4hrlichen Mitgliedsbeitrag ein.<\/div><\/div><div id=\"wpforms-7275-field_10-container\" class=\"wpforms-field wpforms-field-text\" data-field-id=\"10\"><label class=\"wpforms-field-label\" for=\"wpforms-7275-field_10\">Name des Kontoinhabers <span class=\"wpforms-required-label\" aria-hidden=\"true\">*<\/span><\/label><input type=\"text\" id=\"wpforms-7275-field_10\" class=\"wpforms-field-medium wpforms-field-required\" name=\"wpforms[fields][10]\" aria-errormessage=\"wpforms-7275-field_10-error\" required><\/div><div id=\"wpforms-7275-field_8-container\" class=\"wpforms-field wpforms-field-checkbox\" data-field-id=\"8\"><fieldset><legend class=\"wpforms-field-label\">SEPA-Einzugserm\u00e4chtigung <span class=\"wpforms-required-label\" aria-hidden=\"true\">*<\/span><\/legend><ul id=\"wpforms-7275-field_8\" class=\"wpforms-field-required\"><li class=\"choice-1 depth-1\"><input type=\"checkbox\" id=\"wpforms-7275-field_8_1\" name=\"wpforms[fields][8][]\" value=\"Hiermit erm\u00e4chtige ich die Afghanische Kinderhilfe Deutschland e.V., den angegebenen Jahresbeitrag j\u00e4hrlich per SEPA-Lastschrift von dem oben genannten Konto einzuziehen. Ich kann diese Einzugserm\u00e4chtigung jederzeit widerrufen.\" aria-errormessage=\"wpforms-7275-field_8_1-error\" required ><label class=\"wpforms-field-label-inline\" for=\"wpforms-7275-field_8_1\">Hiermit erm\u00e4chtige ich die Afghanische Kinderhilfe Deutschland e.V., den angegebenen Jahresbeitrag j\u00e4hrlich per SEPA-Lastschrift von dem oben genannten Konto einzuziehen. Ich kann diese Einzugserm\u00e4chtigung jederzeit widerrufen.<\/label><\/li><\/ul><\/fieldset><\/div><div id=\"wpforms-7275-field_2-container\" class=\"wpforms-field wpforms-field-gdpr-checkbox\" data-field-id=\"2\"><label class=\"wpforms-field-label\">DSGVO-Einverst\u00e4ndnis <span class=\"wpforms-required-label\" aria-hidden=\"true\">*<\/span><\/label><ul id=\"wpforms-7275-field_2\" class=\"wpforms-field-required\"><li class=\"choice-1\"><input type=\"checkbox\" id=\"wpforms-7275-field_2_1\" name=\"wpforms[fields][2][]\" value=\"Ich willige ein, dass diese Website meine \u00fcbermittelten Informationen speichert, sodass meine Anfrage beantwortet werden kann.\" aria-errormessage=\"wpforms-7275-field_2_1-error\" required ><label class=\"wpforms-field-label-inline\" for=\"wpforms-7275-field_2_1\">Ich willige ein, dass diese Website meine \u00fcbermittelten Informationen speichert, sodass meine Anfrage beantwortet werden kann.<\/label><\/li><\/ul><\/div><script>\n\t\t\t\t( function() {\n\t\t\t\t\tconst style = document.createElement( 'style' );\n\t\t\t\t\tstyle.appendChild( document.createTextNode( '#wpforms-7275-field_11-container { position: absolute !important; overflow: hidden !important; display: inline !important; height: 1px !important; width: 1px !important; z-index: -1000 !important; padding: 0 !important; } #wpforms-7275-field_11-container input { visibility: hidden; } #wpforms-conversational-form-page #wpforms-7275-field_11-container label { counter-increment: none; }' ) );\n\t\t\t\t\tdocument.head.appendChild( style );\n\t\t\t\t\tdocument.currentScript?.remove();\n\t\t\t\t} )();\n\t\t\t<\/script><\/div><!-- .wpforms-field-container --><div class=\"wpforms-submit-container\" ><input type=\"hidden\" name=\"wpforms[id]\" value=\"7275\"><input type=\"hidden\" name=\"page_title\" value=\"\"><input type=\"hidden\" name=\"page_url\" value=\"https:\/\/www.akhd.de\/index.php\/wp-json\/wp\/v2\/pages\/5724\"><input type=\"hidden\" name=\"url_referer\" value=\"\"><button type=\"submit\" name=\"wpforms[submit]\" id=\"wpforms-submit-7275\" class=\"wpforms-submit\" data-alt-text=\"Wird gesendet\u00a0\u2026\" data-submit-text=\"Absenden\" aria-live=\"assertive\" value=\"wpforms-submit\">Absenden<\/button><img decoding=\"async\" src=\"https:\/\/www.akhd.de\/wp-content\/plugins\/wpforms-lite\/assets\/images\/submit-spin.svg\" class=\"wpforms-submit-spinner\" style=\"display: none;\" width=\"26\" height=\"26\" alt=\"Wird geladen\"><\/div><\/form><\/div>  <!-- .wpforms-container -->\t\t\t\t<\/div>\n\t\t\t\t<\/div>\n\t\t\t\t<div class=\"elementor-element elementor-element-b9579cb elementor-widget elementor-widget-text-editor\" data-id=\"b9579cb\" data-element_type=\"widget\" data-e-type=\"widget\" data-widget_type=\"text-editor.default\">\n\t\t\t\t<div class=\"elementor-widget-container\">\n\t\t\t\t\t\t\t\t\t<p>Alternativ k\u00f6nnen Sie die Beitrittserkl\u00e4rung auch als PDF herunterladen, ausf\u00fcllen und per E-Mail oder Post einsenden.<\/p>\t\t\t\t\t\t\t\t<\/div>\n\t\t\t\t<\/div>\n\t\t\t\t<div class=\"elementor-element elementor-element-db03664 elementor-align-center elementor-widget elementor-widget-button\" data-id=\"db03664\" data-element_type=\"widget\" data-e-type=\"widget\" data-widget_type=\"button.default\">\n\t\t\t\t<div class=\"elementor-widget-container\">\n\t\t\t\t\t\t\t\t\t<div class=\"elementor-button-wrapper\">\n\t\t\t\t\t<a class=\"elementor-button elementor-button-link elementor-size-sm\" href=\"https:\/\/www.akhd.de\/wp-content\/uploads\/2025\/05\/AKHD_Beitritt.pdf\" target=\"_blank\">\n\t\t\t\t\t\t<span class=\"elementor-button-content-wrapper\">\n\t\t\t\t\t\t<span class=\"elementor-button-icon\">\n\t\t\t\t<svg aria-hidden=\"true\" class=\"e-font-icon-svg e-far-file-pdf\" viewBox=\"0 0 384 512\" xmlns=\"http:\/\/www.w3.org\/2000\/svg\"><path d=\"M369.9 97.9L286 14C277 5 264.8-.1 252.1-.1H48C21.5 0 0 21.5 0 48v416c0 26.5 21.5 48 48 48h288c26.5 0 48-21.5 48-48V131.9c0-12.7-5.1-25-14.1-34zM332.1 128H256V51.9l76.1 76.1zM48 464V48h160v104c0 13.3 10.7 24 24 24h104v288H48zm250.2-143.7c-12.2-12-47-8.7-64.4-6.5-17.2-10.5-28.7-25-36.8-46.3 3.9-16.1 10.1-40.6 5.4-56-4.2-26.2-37.8-23.6-42.6-5.9-4.4 16.1-.4 38.5 7 67.1-10 23.9-24.9 56-35.4 74.4-20 10.3-47 26.2-51 46.2-3.3 15.8 26 55.2 76.1-31.2 22.4-7.4 46.8-16.5 68.4-20.1 18.9 10.2 41 17 55.8 17 25.5 0 28-28.2 17.5-38.7zm-198.1 77.8c5.1-13.7 24.5-29.5 30.4-35-19 30.3-30.4 35.7-30.4 35zm81.6-190.6c7.4 0 6.7 32.1 1.8 40.8-4.4-13.9-4.3-40.8-1.8-40.8zm-24.4 136.6c9.7-16.9 18-37 24.7-54.7 8.3 15.1 18.9 27.2 30.1 35.5-20.8 4.3-38.9 13.1-54.8 19.2zm131.6-5s-5 6-37.3-7.8c35.1-2.6 40.9 5.4 37.3 7.8z\"><\/path><\/svg>\t\t\t<\/span>\n\t\t\t\t\t\t\t\t\t<span class=\"elementor-button-text\">Beitrittserkl\u00e4rung herunterladen<\/span>\n\t\t\t\t\t<\/span>\n\t\t\t\t\t<\/a>\n\t\t\t\t<\/div>\n\t\t\t\t\t\t\t\t<\/div>\n\t\t\t\t<\/div>\n\t\t\t\t<div class=\"elementor-element elementor-element-d9bf871 elementor-widget-divider--view-line elementor-widget elementor-widget-divider\" data-id=\"d9bf871\" data-element_type=\"widget\" data-e-type=\"widget\" data-widget_type=\"divider.default\">\n\t\t\t\t<div class=\"elementor-widget-container\">\n\t\t\t\t\t\t\t<div class=\"elementor-divider\">\n\t\t\t<span class=\"elementor-divider-separator\">\n\t\t\t\t\t\t<\/span>\n\t\t<\/div>\n\t\t\t\t\t\t<\/div>\n\t\t\t\t<\/div>\n\t\t\t\t<div class=\"elementor-element elementor-element-2bddebe elementor-widget elementor-widget-thim-single-image\" data-id=\"2bddebe\" data-element_type=\"widget\" data-e-type=\"widget\" data-widget_type=\"thim-single-image.default\">\n\t\t\t\t<div class=\"elementor-widget-container\">\n\t\t\t\t\t<div class=\"thim-widget-single-images template-single-images\">\n<div class=\"thim-single-image effect-hover\">\n\t<div class=\"wrapper-image\"><div class=\"single-image\"><img fetchpriority=\"high\" src =\"https:\/\/www.akhd.de\/wp-content\/uploads\/2024\/11\/children-63175_1280-e1731050668452.jpg\" width=\"1280\" height=\"733\" alt=\"image\"\/><\/div><\/div><\/div>\n<\/div>\t\t\t\t<\/div>\n\t\t\t\t<\/div>\n\t\t\t\t<div class=\"elementor-element elementor-element-42e9eb7 elementor-widget elementor-widget-html\" data-id=\"42e9eb7\" data-element_type=\"widget\" data-e-type=\"widget\" data-widget_type=\"html.default\">\n\t\t\t\t<div class=\"elementor-widget-container\">\n\t\t\t\t\t<div style=\"text-align: center;\">\r\n    <form action=\"https:\/\/www.paypal.com\/donate\" method=\"post\" target=\"_blank\" style=\"display: inline-block;\">\r\n        <input type=\"hidden\" name=\"hosted_button_id\" value=\"AQQ5PJM7GDDNW\">\r\n        <input type=\"submit\" value=\"Spenden\" class=\"paypal-button\">\r\n    <\/form>\r\n<\/div>\r\n\t\t\t\t<\/div>\n\t\t\t\t<\/div>\n\t\t\t\t\t<\/div>\n\t\t<\/div>\n\t\t\t\t\t<\/div>\n\t\t<\/section>\n\t\t\t\t<\/div>\n\t\t","protected":false},"excerpt":{"rendered":"<p>Wir brauchen Ihre Unterst\u00fctzung Werden Sie Mitglied und helfen Sie uns dabei, Kindern in Afghanistan eine Perspektive zu geben. Jedes Engagement z\u00e4hlt! Mit Ihrer regelm\u00e4\u00dfigen Spende tragen Sie dazu bei, dass Kinder in Afghanistan Zugang zu dringend ben\u00f6tigter Versorgung und [&hellip;]<\/p>\n","protected":false},"author":2,"featured_media":0,"parent":0,"menu_order":0,"comment_status":"closed","ping_status":"closed","template":"","meta":{"footnotes":""},"class_list":["post-5724","page","type-page","status-publish","hentry"],"_links":{"self":[{"href":"https:\/\/www.akhd.de\/index.php\/wp-json\/wp\/v2\/pages\/5724","targetHints":{"allow":["GET"]}}],"collection":[{"href":"https:\/\/www.akhd.de\/index.php\/wp-json\/wp\/v2\/pages"}],"about":[{"href":"https:\/\/www.akhd.de\/index.php\/wp-json\/wp\/v2\/types\/page"}],"author":[{"embeddable":true,"href":"https:\/\/www.akhd.de\/index.php\/wp-json\/wp\/v2\/users\/2"}],"replies":[{"embeddable":true,"href":"https:\/\/www.akhd.de\/index.php\/wp-json\/wp\/v2\/comments?post=5724"}],"version-history":[{"count":54,"href":"https:\/\/www.akhd.de\/index.php\/wp-json\/wp\/v2\/pages\/5724\/revisions"}],"predecessor-version":[{"id":7298,"href":"https:\/\/www.akhd.de\/index.php\/wp-json\/wp\/v2\/pages\/5724\/revisions\/7298"}],"wp:attachment":[{"href":"https:\/\/www.akhd.de\/index.php\/wp-json\/wp\/v2\/media?parent=5724"}],"curies":[{"name":"wp","href":"https:\/\/api.w.org\/{rel}","templated":true}]}}