{"id":6533,"date":"2024-10-17T06:30:59","date_gmt":"2024-10-17T06:30:59","guid":{"rendered":"https:\/\/dev.akhd.de\/?page_id=6533"},"modified":"2025-12-12T13:26:18","modified_gmt":"2025-12-12T13:26:18","slug":"spenden","status":"publish","type":"page","link":"https:\/\/www.akhd.de\/index.php\/spenden\/","title":{"rendered":"SPENDEN"},"content":{"rendered":"\t\t<div data-elementor-type=\"wp-page\" data-elementor-id=\"6533\" class=\"elementor elementor-6533\">\n\t\t\t\t<div class=\"elementor-element elementor-element-59f6a61 e-flex e-con-boxed e-con e-parent\" data-id=\"59f6a61\" data-element_type=\"container\" data-e-type=\"container\">\n\t\t\t\t\t<div class=\"e-con-inner\">\n\t\t\t\t<div class=\"elementor-element elementor-element-c1fed2d elementor-widget elementor-widget-heading\" data-id=\"c1fed2d\" data-element_type=\"widget\" data-e-type=\"widget\" data-widget_type=\"heading.default\">\n\t\t\t\t<div class=\"elementor-widget-container\">\n\t\t\t\t\t<h2 class=\"elementor-heading-title elementor-size-default\"><strong data-start=\"892\" data-end=\"953\">Ihre Spende hilft dort, wo Hilfe dringend gebraucht wird.<\/strong><\/h2>\t\t\t\t<\/div>\n\t\t\t\t<\/div>\n\t\t\t\t<div class=\"elementor-element elementor-element-133d893 elementor-widget elementor-widget-text-editor\" data-id=\"133d893\" data-element_type=\"widget\" data-e-type=\"widget\" data-widget_type=\"text-editor.default\">\n\t\t\t\t<div class=\"elementor-widget-container\">\n\t\t\t\t\t\t\t\t\t<p class=\"text\">Mit Ihrer Unterst\u00fctzung erm\u00f6glichen Sie konkrete, unb\u00fcrokratische Hilfe f\u00fcr afghanische Kinder und ihre Familien \u2013 dort, wo sie dringend gebraucht wird.<\/p><p class=\"text\">Helfen Sie uns dabei, indem Sie<\/p><ul><li class=\"text\">einmalig oder regelm\u00e4\u00dfig spenden,<\/li><li class=\"text\"><a href=\"https:\/\/www.akhd.de\/index.php\/volunteer\/\">Mitglied werden<\/a> (Jahresbeitrag ab 60 \u20ac, langfristige Unterst\u00fctzung),<\/li><li class=\"text\">uns bei Aktionen unterst\u00fctzen (Organisation und Durchf\u00fchrung von Benefizveranstaltungen, Spenden sammeln \u2026),<\/li><li class=\"text\">unsere Idee weitertragen!<\/li><\/ul>\t\t\t\t\t\t\t\t<\/div>\n\t\t\t\t<\/div>\n\t\t\t\t<div class=\"elementor-element elementor-element-55e26a1 elementor-widget-divider--view-line elementor-widget elementor-widget-divider\" data-id=\"55e26a1\" data-element_type=\"widget\" data-e-type=\"widget\" data-widget_type=\"divider.default\">\n\t\t\t\t<div class=\"elementor-widget-container\">\n\t\t\t\t\t\t\t<div class=\"elementor-divider\">\n\t\t\t<span class=\"elementor-divider-separator\">\n\t\t\t\t\t\t<\/span>\n\t\t<\/div>\n\t\t\t\t\t\t<\/div>\n\t\t\t\t<\/div>\n\t\t\t\t<div class=\"elementor-element elementor-element-00981f8 elementor-widget elementor-widget-heading\" data-id=\"00981f8\" data-element_type=\"widget\" data-e-type=\"widget\" data-widget_type=\"heading.default\">\n\t\t\t\t<div class=\"elementor-widget-container\">\n\t\t\t\t\t<h4 class=\"elementor-heading-title elementor-size-default\">Online spenden (PayPal\/Kreditkarte)<\/h4>\t\t\t\t<\/div>\n\t\t\t\t<\/div>\n\t\t\t\t<div class=\"elementor-element elementor-element-7697ee2 elementor-widget elementor-widget-text-editor\" data-id=\"7697ee2\" data-element_type=\"widget\" data-e-type=\"widget\" data-widget_type=\"text-editor.default\">\n\t\t\t\t<div class=\"elementor-widget-container\">\n\t\t\t\t\t\t\t\t\t<p>Schnell und sicher via PayPal oder Karte spenden.<\/p>\t\t\t\t\t\t\t\t<\/div>\n\t\t\t\t<\/div>\n\t\t\t\t<div class=\"elementor-element elementor-element-7bd9893 elementor-widget elementor-widget-thim-button\" data-id=\"7bd9893\" data-element_type=\"widget\" data-e-type=\"widget\" data-widget_type=\"thim-button.default\">\n\t\t\t\t<div class=\"elementor-widget-container\">\n\t\t\t\t\t<div class=\"thim-widget-button template-button\">\n    <div id=\"button_69de857d68b9d\" class=\"text-left\">\n        <a target=\"_blank\" href=\"https:\/\/www.paypal.com\/donate?hosted_button_id=AQQ5PJM7GDDNW\" class=\" thim-button style3 inner size-default\">Spenden<\/a>\n    <\/div>\n\n\n    <\/div>\t\t\t\t<\/div>\n\t\t\t\t<\/div>\n\t\t\t\t<div class=\"elementor-element elementor-element-ead36ea elementor-widget-divider--view-line elementor-widget elementor-widget-divider\" data-id=\"ead36ea\" data-element_type=\"widget\" data-e-type=\"widget\" data-widget_type=\"divider.default\">\n\t\t\t\t<div class=\"elementor-widget-container\">\n\t\t\t\t\t\t\t<div class=\"elementor-divider\">\n\t\t\t<span class=\"elementor-divider-separator\">\n\t\t\t\t\t\t<\/span>\n\t\t<\/div>\n\t\t\t\t\t\t<\/div>\n\t\t\t\t<\/div>\n\t\t\t\t<div class=\"elementor-element elementor-element-05122e1 elementor-widget elementor-widget-heading\" data-id=\"05122e1\" data-element_type=\"widget\" data-e-type=\"widget\" data-widget_type=\"heading.default\">\n\t\t\t\t<div class=\"elementor-widget-container\">\n\t\t\t\t\t<h4 class=\"elementor-heading-title elementor-size-default\">Per \u00dcberweisung spenden<\/h4>\t\t\t\t<\/div>\n\t\t\t\t<\/div>\n\t\t\t\t<div class=\"elementor-element elementor-element-bd8ebf9 elementor-widget elementor-widget-text-editor\" data-id=\"bd8ebf9\" data-element_type=\"widget\" data-e-type=\"widget\" data-widget_type=\"text-editor.default\">\n\t\t\t\t<div class=\"elementor-widget-container\">\n\t\t\t\t\t\t\t\t\t<p>Wenn Sie lieber direkt \u00fcberweisen m\u00f6chten, nutzen Sie gern unsere Bankverbindung.<br data-start=\"1308\" data-end=\"1311\" \/>Diese Spendenform ist f\u00fcr uns besonders kosteneffizient, da keine Geb\u00fchren anfallen.<\/p>\t\t\t\t\t\t\t\t<\/div>\n\t\t\t\t<\/div>\n\t\t\t\t<div class=\"elementor-element elementor-element-ba84d68 elementor-widget elementor-widget-text-editor\" data-id=\"ba84d68\" data-element_type=\"widget\" data-e-type=\"widget\" data-widget_type=\"text-editor.default\">\n\t\t\t\t<div class=\"elementor-widget-container\">\n\t\t\t\t\t\t\t\t\t<p><strong data-start=\"1416\" data-end=\"1461\">Afghanische Kinderhilfe Deutschland e. V.<\/strong><\/p><p class=\"text\">Spendenkonto:\u00a0470 278 00<br \/>BLZ: 300 501 10<br \/>Stadtsparkasse D\u00fcsseldorf<br \/>IBAN: DE19 3005 0110 0047 027800<br \/>BIC: DUSSDEDD<\/p><p class=\"text\"><strong data-start=\"1661\" data-end=\"1682\">Verwendungszweck:<\/strong><br data-start=\"1682\" data-end=\"1685\" \/>Spende + Vor- und Nachname<\/p>\t\t\t\t\t\t\t\t<\/div>\n\t\t\t\t<\/div>\n\t\t\t\t<div class=\"elementor-element elementor-element-1005f3a elementor-widget-divider--view-line elementor-widget elementor-widget-divider\" data-id=\"1005f3a\" data-element_type=\"widget\" data-e-type=\"widget\" data-widget_type=\"divider.default\">\n\t\t\t\t<div class=\"elementor-widget-container\">\n\t\t\t\t\t\t\t<div class=\"elementor-divider\">\n\t\t\t<span class=\"elementor-divider-separator\">\n\t\t\t\t\t\t<\/span>\n\t\t<\/div>\n\t\t\t\t\t\t<\/div>\n\t\t\t\t<\/div>\n\t\t\t\t<div class=\"elementor-element elementor-element-b605d72 elementor-widget elementor-widget-heading\" data-id=\"b605d72\" data-element_type=\"widget\" data-e-type=\"widget\" data-widget_type=\"heading.default\">\n\t\t\t\t<div class=\"elementor-widget-container\">\n\t\t\t\t\t<h4 class=\"elementor-heading-title elementor-size-default\">Spendenbescheinigung &amp; Steuerliches<\/h4>\t\t\t\t<\/div>\n\t\t\t\t<\/div>\n\t\t\t\t<div class=\"elementor-element elementor-element-37fa5df elementor-widget elementor-widget-text-editor\" data-id=\"37fa5df\" data-element_type=\"widget\" data-e-type=\"widget\" data-widget_type=\"text-editor.default\">\n\t\t\t\t<div class=\"elementor-widget-container\">\n\t\t\t\t\t\t\t\t\t<ul><li>Ihre Spende ist steuerlich absetzbar<\/li><li>Ab 300 \u20ac senden wir automatisch eine Spendenbescheinigung<\/li><li>Unter 300 \u20ac gen\u00fcgt der Kontoauszug<\/li><li>Bescheinigung auf Wunsch: info@akhd.de<\/li><\/ul><div>Jede Spende z\u00e4hlt \u2013 vielen Dank f\u00fcr Ihre Hilfe<\/div>\t\t\t\t\t\t\t\t<\/div>\n\t\t\t\t<\/div>\n\t\t\t\t\t<\/div>\n\t\t\t\t<\/div>\n\t\t\t\t<\/div>\n\t\t","protected":false},"excerpt":{"rendered":"<p>Ihre Spende hilft dort, wo Hilfe dringend gebraucht wird. Mit Ihrer Unterst\u00fctzung erm\u00f6glichen Sie konkrete, unb\u00fcrokratische Hilfe f\u00fcr afghanische Kinder und ihre Familien \u2013 dort, wo sie dringend gebraucht wird. Helfen Sie uns dabei, indem Sie einmalig oder regelm\u00e4\u00dfig spenden, [&hellip;]<\/p>\n","protected":false},"author":2,"featured_media":0,"parent":0,"menu_order":0,"comment_status":"closed","ping_status":"closed","template":"","meta":{"footnotes":""},"class_list":["post-6533","page","type-page","status-publish","hentry"],"_links":{"self":[{"href":"https:\/\/www.akhd.de\/index.php\/wp-json\/wp\/v2\/pages\/6533","targetHints":{"allow":["GET"]}}],"collection":[{"href":"https:\/\/www.akhd.de\/index.php\/wp-json\/wp\/v2\/pages"}],"about":[{"href":"https:\/\/www.akhd.de\/index.php\/wp-json\/wp\/v2\/types\/page"}],"author":[{"embeddable":true,"href":"https:\/\/www.akhd.de\/index.php\/wp-json\/wp\/v2\/users\/2"}],"replies":[{"embeddable":true,"href":"https:\/\/www.akhd.de\/index.php\/wp-json\/wp\/v2\/comments?post=6533"}],"version-history":[{"count":47,"href":"https:\/\/www.akhd.de\/index.php\/wp-json\/wp\/v2\/pages\/6533\/revisions"}],"predecessor-version":[{"id":7701,"href":"https:\/\/www.akhd.de\/index.php\/wp-json\/wp\/v2\/pages\/6533\/revisions\/7701"}],"wp:attachment":[{"href":"https:\/\/www.akhd.de\/index.php\/wp-json\/wp\/v2\/media?parent=6533"}],"curies":[{"name":"wp","href":"https:\/\/api.w.org\/{rel}","templated":true}]}}