{"id":6800,"date":"2024-10-30T09:57:41","date_gmt":"2024-10-30T09:57:41","guid":{"rendered":"https:\/\/dev.akhd.de\/?page_id=6800"},"modified":"2025-05-19T19:57:30","modified_gmt":"2025-05-19T19:57:30","slug":"der-verein-in-den-medien","status":"publish","type":"page","link":"https:\/\/www.akhd.de\/index.php\/ueber-uns\/der-verein-in-den-medien\/","title":{"rendered":"DER VEREIN IN DEN MEDIEN"},"content":{"rendered":"\t\t<div data-elementor-type=\"wp-page\" data-elementor-id=\"6800\" class=\"elementor elementor-6800\">\n\t\t\t\t<div class=\"elementor-element elementor-element-208caac2 e-flex e-con-boxed e-con e-parent\" data-id=\"208caac2\" data-element_type=\"container\" data-e-type=\"container\">\n\t\t\t\t\t<div class=\"e-con-inner\">\n\t\t\t\t<div class=\"elementor-element elementor-element-dabf2eb elementor-widget elementor-widget-heading\" data-id=\"dabf2eb\" data-element_type=\"widget\" data-e-type=\"widget\" data-widget_type=\"heading.default\">\n\t\t\t\t<div class=\"elementor-widget-container\">\n\t\t\t\t\t<h2 class=\"elementor-heading-title elementor-size-default\">So berichtet die Presse \u00fcber die Afghanische Kinderhilfe<\/h2>\t\t\t\t<\/div>\n\t\t\t\t<\/div>\n\t\t\t\t<div class=\"elementor-element elementor-element-b4a5a1a elementor-widget elementor-widget-text-editor\" data-id=\"b4a5a1a\" data-element_type=\"widget\" data-e-type=\"widget\" data-widget_type=\"text-editor.default\">\n\t\t\t\t<div class=\"elementor-widget-container\">\n\t\t\t\t\t\t\t\t\t<p>Afghanistan ist immer wieder Thema in den Nachrichten \u2013 insbesondere in Zeiten von Krisen und Umbr\u00fcchen. Auch die Afghanische Kinderhilfe Deutschland e.V. steht regelm\u00e4\u00dfig im Fokus von Presse und Fernsehen, wenn es um Bildung, humanit\u00e4re Hilfe und Unterst\u00fctzung vor Ort geht. Hier finden Sie eine Auswahl der wichtigsten Berichterstattungen.<\/p>\t\t\t\t\t\t\t\t<\/div>\n\t\t\t\t<\/div>\n\t\t\t\t<div class=\"elementor-element elementor-element-2352fca0 elementor-widget elementor-widget-text-editor\" data-id=\"2352fca0\" data-element_type=\"widget\" data-e-type=\"widget\" data-widget_type=\"text-editor.default\">\n\t\t\t\t<div class=\"elementor-widget-container\">\n\t\t\t\t\t\t\t\t\t<p><\/p>\n<h3>Ausgew\u00e4hlte Berichterstattung:<\/h3>\n<p><\/p>\n<p><strong>Die Zeit<\/strong><br \/><a href=\"https:\/\/www.zeit.de\/2022\/19\/schulen-afghanistan-taliban-maedchen-frauen\">Schulen in Afghanistan: Verh\u00e4ngnisvolles Verbot (19\/2022)<\/a><\/p>\n<p><\/p>\n<p><strong>stern TV<\/strong><br \/><a href=\"https:\/\/youtu.be\/0eBJMyHBamY?t=1531\">&#8222;Die Taliban werden mich t\u00f6ten.\u201c Unterwegs in Afghanistan (3.11.2021)<\/a><\/p>\n<p><\/p>\n<p><strong>D-dorf aktuell<br \/><\/strong><a href=\"https:\/\/www.ddorf-aktuell.de\/2021\/10\/07\/duesseldorf-ausstellung-der-afghanischen-kinderhilfe-im-atrium-der-stadtsparkasse-eroeffnet\/\">D\u00fcsseldorf: Ausstellung der Afghanischen Kinderhilfe im Atrium der Stadtsparkasse er\u00f6ffnet (7.10.2021)<\/a><\/p>\n<p><\/p>\n<p><strong>Focus online<br \/><\/strong><a href=\"https:\/\/www.focus.de\/perspektiven\/gesellschaft-gestalten\/es-droht-eine-humanitaere-katastrophe-afghanistan-im-chaos-so-koennen-sie-den-menschen-jetzt-helfen_id_16328399.html\">Taliban st\u00fcrzen Afghanistan ins Chaos: So k\u00f6nnen Sie den Menschen jetzt helfen (18.8.2021)<\/a><\/p>\n<p><\/p>\n<p><strong>Watson<br \/><\/strong><a href=\"https:\/\/politik.watson.de\/international\/analyse\/414571836-nach-afghanistan-uebernahme-der-taliban-was-frauen-in-afghanistan-droht\">Angst vor dem Leben unter den Taliban: Was jungen Frauen in Afghanistan droht (17.8.2021)<\/a><\/p>\n<p><\/p>\n<p><strong>t-online<br \/><\/strong><a href=\"https:\/\/www.t-online.de\/nachrichten\/ausland\/krisen\/id_90636094\/afghanistan-hilfsorganisationen-in-angst-vor-der-rache-der-taliban.html\">\u201eDie Taliban wollen, dass weiter Geld ins Land flie\u00dft\u201c (17.8.2021)<\/a><\/p>\n<p><\/p>\n<p><strong>Sonntagsblatt<br \/><\/strong><a href=\"https:\/\/www.sonntagsblatt.de\/artikel\/menschen\/wie-kann-ich-menschen-afghanistan-jetzt-helfen\">Wie ich Menschen in Afghanistan jetzt helfen kann (25.8.2021)<\/a><\/p>\n<p><\/p>\n<p><strong>Stuttgarter Nachrichten<br \/><\/strong><a href=\"https:\/\/www.stuttgarter-nachrichten.de\/inhalt.spenden-an-hilfsorganisationen-afghanistan-wie-kann-man-helfen.0499715c-97b4-4cc4-b1e5-c6df959c21f6.html\">Afghanistan: Wie kann man helfen? (17.8.2021)<\/a><\/p>\n<p><\/p>\n<p><strong>Stuttgarter Zeitung<br \/><\/strong><a href=\"https:\/\/www.stuttgarter-zeitung.de\/inhalt.spenden-an-hilfsorganisationen-afghanistan-wie-kann-man-helfen.89e6a298-47b5-4260-b050-a53275bdbc5c.html\">Afghanistan: Wie kann man helfen? (17.8.2021)<\/a><\/p>\n<p><\/p>\n<p><strong>Berliner Morgenpost<br \/><\/strong><a href=\"https:\/\/www.morgenpost.de\/vermischtes\/article233073213\/afghanistan-spenden-hilfe-vereine-organisationen.html\">Afghanistan: So k\u00f6nnen Sie den Menschen vor Ort helfen (17.8.2021)<\/a><\/p>\n<p><\/p>\n<p><strong>Werra-Rundschau<br \/><\/strong><a href=\"https:\/\/www.werra-rundschau.de\/sport\/ksv-hessen-kassel\/das-fenster-schliesst-die-kasse-ist-eroeffnet-90950883.html\">KSV Hessen: Das Transferfenster schlie\u00dft, Tickets f\u00fcrs Benefizspiel nun erh\u00e4ltlich (31.8.2021)<\/a><\/p>\n<p><\/p>\n<p><strong>Tip Berlin<br \/><\/strong><a href=\"https:\/\/www.tip-berlin.de\/stadtleben\/politik\/afghanistan-hilfe-spenden\/\">Schnelle Hilfe f\u00fcr Afghanistan: Wie jeder jetzt helfen kann \u2013 auch von Berlin aus (26.8.2021)<\/a><\/p>\n<p><\/p>\n<p><strong>Deutsche Welle<br \/><\/strong><a href=\"https:\/\/www.dw.com\/de\/humanit\u00e4re-hilfe-in-afghanistan-geht-weiter\/a-59080253\">Humanit\u00e4re Hilfe in Afghanistan geht weiter (6.9.2021)<\/a><\/p>\n<p><\/p>\n<p><strong>Bunte.de<br \/><\/strong><a href=\"https:\/\/www.bunte.de\/panorama\/taliban-stuerzen-afghanistan-ins-chaos-so-koennen-sie-den-menschen-jetzt-helfen.html\">Taliban st\u00fcrzen Afghanistan ins Chaos: So k\u00f6nnen Sie den Menschen jetzt helfen (19.8.2021)<\/a><\/p>\n<p><\/p>\n<p><strong>n-tv<br \/><\/strong><a href=\"https:\/\/www.facebook.com\/share\/v\/15pD7Bre8L\/\">Das Afghanistan-Desaster: Taliban \u00fcbernehmen die Macht (16.8.2021)<\/a><\/p>\n<p><\/p>\t\t\t\t\t\t\t\t<\/div>\n\t\t\t\t<\/div>\n\t\t\t\t\t<\/div>\n\t\t\t\t<\/div>\n\t\t<div class=\"elementor-element elementor-element-d2118c9 e-flex e-con-boxed e-con e-parent\" data-id=\"d2118c9\" data-element_type=\"container\" data-e-type=\"container\">\n\t\t\t\t\t<div class=\"e-con-inner\">\n\t\t\t\t<div class=\"elementor-element elementor-element-ebed68a elementor-widget-divider--view-line elementor-widget elementor-widget-divider\" data-id=\"ebed68a\" data-element_type=\"widget\" data-e-type=\"widget\" data-widget_type=\"divider.default\">\n\t\t\t\t<div class=\"elementor-widget-container\">\n\t\t\t\t\t\t\t<div class=\"elementor-divider\">\n\t\t\t<span class=\"elementor-divider-separator\">\n\t\t\t\t\t\t<\/span>\n\t\t<\/div>\n\t\t\t\t\t\t<\/div>\n\t\t\t\t<\/div>\n\t\t\t\t<div class=\"elementor-element elementor-element-1b81ca0 elementor-widget elementor-widget-text-editor\" data-id=\"1b81ca0\" data-element_type=\"widget\" data-e-type=\"widget\" data-widget_type=\"text-editor.default\">\n\t\t\t\t<div class=\"elementor-widget-container\">\n\t\t\t\t\t\t\t\t\t<h3>Kontakt f\u00fcr Medienanfragen<\/h3>\n<p>\nSie sind Journalist:in und m\u00f6chten \u00fcber die Arbeit der Afghanischen Kinderhilfe Deutschland e.V. berichten?<br>\nGerne stellen wir Ihnen weitere Informationen, Bildmaterial oder Interviewpartner zur Verf\u00fcgung.\n<\/p>\n<p>\n<b>Kontakt:<\/b><br>\n\ud83d\udce7 <a href=\"mailto:info@akhd.de\">info@akhd.de<\/a><br>\n\ud83d\udccd Afghanische Kinderhilfe Deutschland e.V., Novalisstr.\u202f8, 40474 D\u00fcsseldorf\n<\/p>\n<p>\nWir freuen uns \u00fcber Ihre Anfrage!\n<\/p>\n\t\t\t\t\t\t\t\t<\/div>\n\t\t\t\t<\/div>\n\t\t\t\t\t<\/div>\n\t\t\t\t<\/div>\n\t\t\t\t<\/div>\n\t\t","protected":false},"excerpt":{"rendered":"<p>So berichtet die Presse \u00fcber die Afghanische Kinderhilfe Afghanistan ist immer wieder Thema in den Nachrichten \u2013 insbesondere in Zeiten von Krisen und Umbr\u00fcchen. Auch die Afghanische Kinderhilfe Deutschland e.V. steht regelm\u00e4\u00dfig im Fokus von Presse und Fernsehen, wenn es [&hellip;]<\/p>\n","protected":false},"author":2,"featured_media":7196,"parent":1583,"menu_order":0,"comment_status":"closed","ping_status":"closed","template":"","meta":{"footnotes":""},"class_list":["post-6800","page","type-page","status-publish","has-post-thumbnail","hentry"],"_links":{"self":[{"href":"https:\/\/www.akhd.de\/index.php\/wp-json\/wp\/v2\/pages\/6800","targetHints":{"allow":["GET"]}}],"collection":[{"href":"https:\/\/www.akhd.de\/index.php\/wp-json\/wp\/v2\/pages"}],"about":[{"href":"https:\/\/www.akhd.de\/index.php\/wp-json\/wp\/v2\/types\/page"}],"author":[{"embeddable":true,"href":"https:\/\/www.akhd.de\/index.php\/wp-json\/wp\/v2\/users\/2"}],"replies":[{"embeddable":true,"href":"https:\/\/www.akhd.de\/index.php\/wp-json\/wp\/v2\/comments?post=6800"}],"version-history":[{"count":47,"href":"https:\/\/www.akhd.de\/index.php\/wp-json\/wp\/v2\/pages\/6800\/revisions"}],"predecessor-version":[{"id":7457,"href":"https:\/\/www.akhd.de\/index.php\/wp-json\/wp\/v2\/pages\/6800\/revisions\/7457"}],"up":[{"embeddable":true,"href":"https:\/\/www.akhd.de\/index.php\/wp-json\/wp\/v2\/pages\/1583"}],"wp:featuredmedia":[{"embeddable":true,"href":"https:\/\/www.akhd.de\/index.php\/wp-json\/wp\/v2\/media\/7196"}],"wp:attachment":[{"href":"https:\/\/www.akhd.de\/index.php\/wp-json\/wp\/v2\/media?parent=6800"}],"curies":[{"name":"wp","href":"https:\/\/api.w.org\/{rel}","templated":true}]}}