{"id":7160,"date":"2025-04-06T10:28:51","date_gmt":"2025-04-06T10:28:51","guid":{"rendered":"https:\/\/dev.akhd.de\/?page_id=7160"},"modified":"2026-03-23T13:40:13","modified_gmt":"2026-03-23T13:40:13","slug":"tagesklinik-sarak-refa","status":"publish","type":"page","link":"https:\/\/www.akhd.de\/index.php\/projekte\/tagesklinik-sarak-refa\/","title":{"rendered":"Tagesklinik Shahrak Refah"},"content":{"rendered":"\t\t<div data-elementor-type=\"wp-page\" data-elementor-id=\"7160\" class=\"elementor elementor-7160\">\n\t\t\t\t<div class=\"elementor-element elementor-element-7038f78 e-flex e-con-boxed e-con e-parent\" data-id=\"7038f78\" data-element_type=\"container\" data-e-type=\"container\">\n\t\t\t\t\t<div class=\"e-con-inner\">\n\t\t\t\t<div class=\"elementor-element elementor-element-040b0f8 elementor-widget elementor-widget-heading\" data-id=\"040b0f8\" data-element_type=\"widget\" data-e-type=\"widget\" data-widget_type=\"heading.default\">\n\t\t\t\t<div class=\"elementor-widget-container\">\n\t\t\t\t\t<h2 class=\"elementor-heading-title elementor-size-default\">Tagesklinik Shahrak Refah \u2013 Medizinische Hilfe nahe Kabul\n<\/h2>\t\t\t\t<\/div>\n\t\t\t\t<\/div>\n\t\t\t\t<div class=\"elementor-element elementor-element-3a8dbb8 elementor-widget elementor-widget-text-editor\" data-id=\"3a8dbb8\" data-element_type=\"widget\" data-e-type=\"widget\" data-widget_type=\"text-editor.default\">\n\t\t\t\t<div class=\"elementor-widget-container\">\n\t\t\t\t\t\t\t\t\t<p>Die Tagesklinik Shahrak Refah wurde im November 2025 er\u00f6ffnet. Sie liegt ca. 45 Kilometer n\u00f6rdlich des Zentrums von Kabul. Sie verf\u00fcgt \u00fcber eine gute technische Ausstattung mit Apotheke, Labor und modernem Ultraschallger\u00e4t.<\/p><p>Im Jahr 2025 wurden rund 18.200 Patient:innen behandelt.<\/p><p>In dieser Klinik sind 20 Menschen besch\u00e4ftigt: F\u00fcnf \u00c4rzt:innen (Kinderheilkunde, Innere Medizin, Allgemeinmedizin, Impfen), drei Pfleger:innen, zwei Hebammen, drei Verwaltungskr\u00e4fte, zwei Wachleute, zwei Reinigungskr\u00e4fte, ein Apotheker, ein Fahrer, ein Laborant.<\/p><p><span style=\"color: var( --e-global-color-text ); font-family: var( --e-global-typography-text-font-family ), Sans-serif; font-weight: var( --e-global-typography-text-font-weight ); text-align: var(--text-align); background-color: var(--thim-body-bg-color); font-size: var(--thim-font-body-font-size);\">Im Jahr 2025 betrugen die Ausgaben in der Klinik knapp 63.000 Euro, die Einnahmen vor Ort durch die Patientengeb\u00fchren und Zusatzleistungen rund 21.500 Euro. Die Afghanische Kinderhilfe Deutschland unterst\u00fctzte den Betrieb der Klinik mit rund 41.500 Euro.<\/span><\/p>\t\t\t\t\t\t\t\t<\/div>\n\t\t\t\t<\/div>\n\t\t\t\t\t<\/div>\n\t\t\t\t<\/div>\n\t\t<div class=\"elementor-element elementor-element-57b70e6 e-flex e-con-boxed e-con e-parent\" data-id=\"57b70e6\" data-element_type=\"container\" data-e-type=\"container\">\n\t\t\t\t\t<div class=\"e-con-inner\">\n\t\t\t\t<div class=\"elementor-element elementor-element-43d3058 elementor-widget elementor-widget-heading\" data-id=\"43d3058\" data-element_type=\"widget\" data-e-type=\"widget\" data-widget_type=\"heading.default\">\n\t\t\t\t<div class=\"elementor-widget-container\">\n\t\t\t\t\t<h2 class=\"elementor-heading-title elementor-size-default\"><span>Eindr\u00fccke aus der Tagesklinik Shahrak Refah<\/span><\/h2>\t\t\t\t<\/div>\n\t\t\t\t<\/div>\n\t\t\t\t\t<\/div>\n\t\t\t\t<\/div>\n\t\t<div class=\"elementor-element elementor-element-0f02ce4 e-grid e-con-boxed e-con e-parent\" data-id=\"0f02ce4\" data-element_type=\"container\" data-e-type=\"container\">\n\t\t\t\t\t<div class=\"e-con-inner\">\n\t\t\t\t<div class=\"elementor-element elementor-element-f05596c elementor-widget elementor-widget-image\" data-id=\"f05596c\" data-element_type=\"widget\" data-e-type=\"widget\" data-widget_type=\"image.default\">\n\t\t\t\t<div class=\"elementor-widget-container\">\n\t\t\t\t\t\t\t\t\t\t\t\t\t\t\t\t<a href=\"https:\/\/www.akhd.de\/wp-content\/uploads\/2025\/04\/IMG_1730_k.jpg\" data-elementor-open-lightbox=\"yes\" data-e-action-hash=\"#elementor-action%3Aaction%3Dlightbox%26settings%3DeyJpZCI6NzI1MywidXJsIjoiaHR0cHM6XC9cL3d3dy5ha2hkLmRlXC93cC1jb250ZW50XC91cGxvYWRzXC8yMDI1XC8wNFwvSU1HXzE3MzBfay5qcGcifQ%3D%3D\">\n\t\t\t\t\t\t\t<img fetchpriority=\"high\" decoding=\"async\" width=\"640\" height=\"376\" src=\"https:\/\/www.akhd.de\/wp-content\/uploads\/2025\/04\/IMG_1730_k.jpg\" class=\"attachment-large size-large wp-image-7253\" alt=\"\" srcset=\"https:\/\/www.akhd.de\/wp-content\/uploads\/2025\/04\/IMG_1730_k.jpg 800w, https:\/\/www.akhd.de\/wp-content\/uploads\/2025\/04\/IMG_1730_k-300x176.jpg 300w, https:\/\/www.akhd.de\/wp-content\/uploads\/2025\/04\/IMG_1730_k-768x451.jpg 768w\" sizes=\"(max-width: 640px) 100vw, 640px\" \/>\t\t\t\t\t\t\t\t<\/a>\n\t\t\t\t\t\t\t\t\t\t\t\t\t\t\t<\/div>\n\t\t\t\t<\/div>\n\t\t\t\t<div class=\"elementor-element elementor-element-7354471 elementor-widget elementor-widget-image\" data-id=\"7354471\" data-element_type=\"widget\" data-e-type=\"widget\" data-widget_type=\"image.default\">\n\t\t\t\t<div class=\"elementor-widget-container\">\n\t\t\t\t\t\t\t\t\t\t\t\t\t\t\t\t<a href=\"https:\/\/www.akhd.de\/wp-content\/uploads\/2025\/04\/IMG_1728_k.jpg\" data-elementor-open-lightbox=\"yes\" data-e-action-hash=\"#elementor-action%3Aaction%3Dlightbox%26settings%3DeyJpZCI6NzI1MiwidXJsIjoiaHR0cHM6XC9cL3d3dy5ha2hkLmRlXC93cC1jb250ZW50XC91cGxvYWRzXC8yMDI1XC8wNFwvSU1HXzE3Mjhfay5qcGcifQ%3D%3D\">\n\t\t\t\t\t\t\t<img decoding=\"async\" width=\"640\" height=\"376\" src=\"https:\/\/www.akhd.de\/wp-content\/uploads\/2025\/04\/IMG_1728_k.jpg\" class=\"attachment-large size-large wp-image-7252\" alt=\"\" srcset=\"https:\/\/www.akhd.de\/wp-content\/uploads\/2025\/04\/IMG_1728_k.jpg 800w, https:\/\/www.akhd.de\/wp-content\/uploads\/2025\/04\/IMG_1728_k-300x176.jpg 300w, https:\/\/www.akhd.de\/wp-content\/uploads\/2025\/04\/IMG_1728_k-768x451.jpg 768w\" sizes=\"(max-width: 640px) 100vw, 640px\" \/>\t\t\t\t\t\t\t\t<\/a>\n\t\t\t\t\t\t\t\t\t\t\t\t\t\t\t<\/div>\n\t\t\t\t<\/div>\n\t\t\t\t<div class=\"elementor-element elementor-element-ca6d089 elementor-widget elementor-widget-image\" data-id=\"ca6d089\" data-element_type=\"widget\" data-e-type=\"widget\" data-widget_type=\"image.default\">\n\t\t\t\t<div class=\"elementor-widget-container\">\n\t\t\t\t\t\t\t\t\t\t\t\t\t\t\t\t<a href=\"https:\/\/www.akhd.de\/wp-content\/uploads\/2025\/04\/IMG_1724_k.jpg\" data-elementor-open-lightbox=\"yes\" data-e-action-hash=\"#elementor-action%3Aaction%3Dlightbox%26settings%3DeyJpZCI6NzI1MCwidXJsIjoiaHR0cHM6XC9cL3d3dy5ha2hkLmRlXC93cC1jb250ZW50XC91cGxvYWRzXC8yMDI1XC8wNFwvSU1HXzE3MjRfay5qcGcifQ%3D%3D\">\n\t\t\t\t\t\t\t<img decoding=\"async\" width=\"640\" height=\"376\" src=\"https:\/\/www.akhd.de\/wp-content\/uploads\/2025\/04\/IMG_1724_k.jpg\" class=\"attachment-large size-large wp-image-7250\" alt=\"\" srcset=\"https:\/\/www.akhd.de\/wp-content\/uploads\/2025\/04\/IMG_1724_k.jpg 800w, https:\/\/www.akhd.de\/wp-content\/uploads\/2025\/04\/IMG_1724_k-300x176.jpg 300w, https:\/\/www.akhd.de\/wp-content\/uploads\/2025\/04\/IMG_1724_k-768x451.jpg 768w\" sizes=\"(max-width: 640px) 100vw, 640px\" \/>\t\t\t\t\t\t\t\t<\/a>\n\t\t\t\t\t\t\t\t\t\t\t\t\t\t\t<\/div>\n\t\t\t\t<\/div>\n\t\t\t\t<div class=\"elementor-element elementor-element-c0f3444 elementor-widget elementor-widget-image\" data-id=\"c0f3444\" data-element_type=\"widget\" data-e-type=\"widget\" data-widget_type=\"image.default\">\n\t\t\t\t<div class=\"elementor-widget-container\">\n\t\t\t\t\t\t\t\t\t\t\t\t\t\t\t\t<a href=\"https:\/\/www.akhd.de\/wp-content\/uploads\/2025\/04\/IMG_1720_k.jpg\" data-elementor-open-lightbox=\"yes\" data-e-action-hash=\"#elementor-action%3Aaction%3Dlightbox%26settings%3DeyJpZCI6NzI0OSwidXJsIjoiaHR0cHM6XC9cL3d3dy5ha2hkLmRlXC93cC1jb250ZW50XC91cGxvYWRzXC8yMDI1XC8wNFwvSU1HXzE3MjBfay5qcGcifQ%3D%3D\">\n\t\t\t\t\t\t\t<img loading=\"lazy\" decoding=\"async\" width=\"640\" height=\"376\" src=\"https:\/\/www.akhd.de\/wp-content\/uploads\/2025\/04\/IMG_1720_k.jpg\" class=\"attachment-large size-large wp-image-7249\" alt=\"\" srcset=\"https:\/\/www.akhd.de\/wp-content\/uploads\/2025\/04\/IMG_1720_k.jpg 800w, https:\/\/www.akhd.de\/wp-content\/uploads\/2025\/04\/IMG_1720_k-300x176.jpg 300w, https:\/\/www.akhd.de\/wp-content\/uploads\/2025\/04\/IMG_1720_k-768x451.jpg 768w\" sizes=\"(max-width: 640px) 100vw, 640px\" \/>\t\t\t\t\t\t\t\t<\/a>\n\t\t\t\t\t\t\t\t\t\t\t\t\t\t\t<\/div>\n\t\t\t\t<\/div>\n\t\t\t\t<div class=\"elementor-element elementor-element-f9250fa elementor-widget elementor-widget-image\" data-id=\"f9250fa\" data-element_type=\"widget\" data-e-type=\"widget\" data-widget_type=\"image.default\">\n\t\t\t\t<div class=\"elementor-widget-container\">\n\t\t\t\t\t\t\t\t\t\t\t\t\t\t\t\t<a href=\"https:\/\/www.akhd.de\/wp-content\/uploads\/2025\/04\/IMG_1717_k.jpg\" data-elementor-open-lightbox=\"yes\" data-e-action-hash=\"#elementor-action%3Aaction%3Dlightbox%26settings%3DeyJpZCI6NzI0OCwidXJsIjoiaHR0cHM6XC9cL3d3dy5ha2hkLmRlXC93cC1jb250ZW50XC91cGxvYWRzXC8yMDI1XC8wNFwvSU1HXzE3MTdfay5qcGcifQ%3D%3D\">\n\t\t\t\t\t\t\t<img loading=\"lazy\" decoding=\"async\" width=\"640\" height=\"376\" src=\"https:\/\/www.akhd.de\/wp-content\/uploads\/2025\/04\/IMG_1717_k.jpg\" class=\"attachment-large size-large wp-image-7248\" alt=\"\" srcset=\"https:\/\/www.akhd.de\/wp-content\/uploads\/2025\/04\/IMG_1717_k.jpg 800w, https:\/\/www.akhd.de\/wp-content\/uploads\/2025\/04\/IMG_1717_k-300x176.jpg 300w, https:\/\/www.akhd.de\/wp-content\/uploads\/2025\/04\/IMG_1717_k-768x451.jpg 768w\" sizes=\"(max-width: 640px) 100vw, 640px\" \/>\t\t\t\t\t\t\t\t<\/a>\n\t\t\t\t\t\t\t\t\t\t\t\t\t\t\t<\/div>\n\t\t\t\t<\/div>\n\t\t\t\t<div class=\"elementor-element elementor-element-426e4cd elementor-widget elementor-widget-image\" data-id=\"426e4cd\" data-element_type=\"widget\" data-e-type=\"widget\" data-widget_type=\"image.default\">\n\t\t\t\t<div class=\"elementor-widget-container\">\n\t\t\t\t\t\t\t\t\t\t\t\t\t\t\t\t<a href=\"https:\/\/www.akhd.de\/wp-content\/uploads\/2025\/04\/IMG_1708_k.jpg\" data-elementor-open-lightbox=\"yes\" data-e-action-hash=\"#elementor-action%3Aaction%3Dlightbox%26settings%3DeyJpZCI6NzI0NywidXJsIjoiaHR0cHM6XC9cL3d3dy5ha2hkLmRlXC93cC1jb250ZW50XC91cGxvYWRzXC8yMDI1XC8wNFwvSU1HXzE3MDhfay5qcGcifQ%3D%3D\">\n\t\t\t\t\t\t\t<img loading=\"lazy\" decoding=\"async\" width=\"640\" height=\"376\" src=\"https:\/\/www.akhd.de\/wp-content\/uploads\/2025\/04\/IMG_1708_k.jpg\" class=\"attachment-large size-large wp-image-7247\" alt=\"\" srcset=\"https:\/\/www.akhd.de\/wp-content\/uploads\/2025\/04\/IMG_1708_k.jpg 800w, https:\/\/www.akhd.de\/wp-content\/uploads\/2025\/04\/IMG_1708_k-300x176.jpg 300w, https:\/\/www.akhd.de\/wp-content\/uploads\/2025\/04\/IMG_1708_k-768x451.jpg 768w\" sizes=\"(max-width: 640px) 100vw, 640px\" \/>\t\t\t\t\t\t\t\t<\/a>\n\t\t\t\t\t\t\t\t\t\t\t\t\t\t\t<\/div>\n\t\t\t\t<\/div>\n\t\t\t\t\t<\/div>\n\t\t\t\t<\/div>\n\t\t\t\t<\/div>\n\t\t","protected":false},"excerpt":{"rendered":"<p>Tagesklinik Shahrak Refah \u2013 Medizinische Hilfe nahe Kabul Die Tagesklinik Shahrak Refah wurde im November 2025 er\u00f6ffnet. Sie liegt ca. 45 Kilometer n\u00f6rdlich des Zentrums von Kabul. Sie verf\u00fcgt \u00fcber eine gute technische Ausstattung mit Apotheke, Labor und modernem Ultraschallger\u00e4t. [&hellip;]<\/p>\n","protected":false},"author":5,"featured_media":0,"parent":1534,"menu_order":0,"comment_status":"closed","ping_status":"closed","template":"","meta":{"footnotes":""},"class_list":["post-7160","page","type-page","status-publish","hentry"],"_links":{"self":[{"href":"https:\/\/www.akhd.de\/index.php\/wp-json\/wp\/v2\/pages\/7160","targetHints":{"allow":["GET"]}}],"collection":[{"href":"https:\/\/www.akhd.de\/index.php\/wp-json\/wp\/v2\/pages"}],"about":[{"href":"https:\/\/www.akhd.de\/index.php\/wp-json\/wp\/v2\/types\/page"}],"author":[{"embeddable":true,"href":"https:\/\/www.akhd.de\/index.php\/wp-json\/wp\/v2\/users\/5"}],"replies":[{"embeddable":true,"href":"https:\/\/www.akhd.de\/index.php\/wp-json\/wp\/v2\/comments?post=7160"}],"version-history":[{"count":39,"href":"https:\/\/www.akhd.de\/index.php\/wp-json\/wp\/v2\/pages\/7160\/revisions"}],"predecessor-version":[{"id":7850,"href":"https:\/\/www.akhd.de\/index.php\/wp-json\/wp\/v2\/pages\/7160\/revisions\/7850"}],"up":[{"embeddable":true,"href":"https:\/\/www.akhd.de\/index.php\/wp-json\/wp\/v2\/pages\/1534"}],"wp:attachment":[{"href":"https:\/\/www.akhd.de\/index.php\/wp-json\/wp\/v2\/media?parent=7160"}],"curies":[{"name":"wp","href":"https:\/\/api.w.org\/{rel}","templated":true}]}}