{"id":7589,"date":"2025-12-09T22:19:38","date_gmt":"2025-12-09T22:19:38","guid":{"rendered":"https:\/\/www.akhd.de\/?page_id=7589"},"modified":"2026-03-23T13:22:19","modified_gmt":"2026-03-23T13:22:19","slug":"schule-refah","status":"publish","type":"page","link":"https:\/\/www.akhd.de\/index.php\/projekte\/schule-refah\/","title":{"rendered":"Schule Refah"},"content":{"rendered":"\t\t<div data-elementor-type=\"wp-page\" data-elementor-id=\"7589\" class=\"elementor elementor-7589\">\n\t\t\t\t<div class=\"elementor-element elementor-element-759deaa1 e-flex e-con-boxed e-con e-parent\" data-id=\"759deaa1\" data-element_type=\"container\" data-e-type=\"container\">\n\t\t\t\t\t<div class=\"e-con-inner\">\n\t\t\t\t<div class=\"elementor-element elementor-element-b66f353 elementor-widget elementor-widget-heading\" data-id=\"b66f353\" data-element_type=\"widget\" data-e-type=\"widget\" data-widget_type=\"heading.default\">\n\t\t\t\t<div class=\"elementor-widget-container\">\n\t\t\t\t\t<h2 class=\"elementor-heading-title elementor-size-default\">Schule in Shahrak Refah \u2013 neues Projekt, neue Hoffnung\n<\/h2>\t\t\t\t<\/div>\n\t\t\t\t<\/div>\n\t\t\t\t<div class=\"elementor-element elementor-element-374c9ccc elementor-widget elementor-widget-text-editor\" data-id=\"374c9ccc\" data-element_type=\"widget\" data-e-type=\"widget\" data-widget_type=\"text-editor.default\">\n\t\t\t\t<div class=\"elementor-widget-container\">\n\t\t\t\t\t\t\t\t\t<p>Im Juni 2025 konnte eine zweite M\u00e4dchenschule er\u00f6ffnet werden. Die Schule befindet sich in unmittelbarer N\u00e4he zur Klinik Refah und verf\u00fcgt \u00fcber f\u00fcnf Klassenr\u00e4ume, einen gro\u00dfen Mehrzweckraum im Untergeschoss und einen baumbestandenen Schulhof. F\u00fcnf Lehrerinnen unterrichten hier in berufsvorbereitenden Kursen 11-15-j\u00e4hrige M\u00e4dchen. F\u00fcr die Sicherheit sorgt eine Security-Kraft. 500 Anmeldungen lagen gleich zu Beginn vor, aber Angebot und Platz reichten anfangs leider nur f\u00fcr 300 M\u00e4dchen. Die Kurse dauern jeweils sechs Monate, sechs Tage die Woche vormittags. Inzwischen konnte das Angebot erweitert werden, durch zus\u00e4tzlichen Unterricht am Nachmittag f\u00fcr weitere gut 300 M\u00e4dchen. Zum Abschluss erhalten die Sch\u00fclerinnen ein Zertifikat. Unterrichtet werden Englisch, die Arbeit mit Computern, Sticken und N\u00e4hen.<\/p><p><!-- \/wp:paragraph --><\/p>\t\t\t\t\t\t\t\t<\/div>\n\t\t\t\t<\/div>\n\t\t\t\t\t<\/div>\n\t\t\t\t<\/div>\n\t\t<div class=\"elementor-element elementor-element-f6dad6e e-flex e-con-boxed e-con e-parent\" data-id=\"f6dad6e\" data-element_type=\"container\" data-e-type=\"container\">\n\t\t\t\t\t<div class=\"e-con-inner\">\n\t\t\t\t<div class=\"elementor-element elementor-element-013811b elementor-widget elementor-widget-heading\" data-id=\"013811b\" data-element_type=\"widget\" data-e-type=\"widget\" data-widget_type=\"heading.default\">\n\t\t\t\t<div class=\"elementor-widget-container\">\n\t\t\t\t\t<h2 class=\"elementor-heading-title elementor-size-default\">Eindr\u00fccke aus der Schule Refah<\/h2>\t\t\t\t<\/div>\n\t\t\t\t<\/div>\n\t\t\t\t\t<\/div>\n\t\t\t\t<\/div>\n\t\t<div class=\"elementor-element elementor-element-15c1a51 e-grid e-con-boxed e-con e-parent\" data-id=\"15c1a51\" data-element_type=\"container\" data-e-type=\"container\">\n\t\t\t\t\t<div class=\"e-con-inner\">\n\t\t\t\t<div class=\"elementor-element elementor-element-1d339c0 elementor-widget elementor-widget-image\" data-id=\"1d339c0\" data-element_type=\"widget\" data-e-type=\"widget\" data-widget_type=\"image.default\">\n\t\t\t\t<div class=\"elementor-widget-container\">\n\t\t\t\t\t\t\t\t\t\t\t\t\t\t\t<img fetchpriority=\"high\" decoding=\"async\" width=\"563\" height=\"423\" src=\"https:\/\/www.akhd.de\/wp-content\/uploads\/2025\/12\/WhatsApp-Bild-2025-02-15-um-09.48.26_1e61a3c1-e1765631761369.jpg\" class=\"attachment-large size-large wp-image-7733\" alt=\"\" srcset=\"https:\/\/www.akhd.de\/wp-content\/uploads\/2025\/12\/WhatsApp-Bild-2025-02-15-um-09.48.26_1e61a3c1-e1765631761369.jpg 563w, https:\/\/www.akhd.de\/wp-content\/uploads\/2025\/12\/WhatsApp-Bild-2025-02-15-um-09.48.26_1e61a3c1-e1765631761369-300x225.jpg 300w\" sizes=\"(max-width: 563px) 100vw, 563px\" \/>\t\t\t\t\t\t\t\t\t\t\t\t\t\t\t<\/div>\n\t\t\t\t<\/div>\n\t\t\t\t<div class=\"elementor-element elementor-element-425f8c8 elementor-widget elementor-widget-image\" data-id=\"425f8c8\" data-element_type=\"widget\" data-e-type=\"widget\" data-widget_type=\"image.default\">\n\t\t\t\t<div class=\"elementor-widget-container\">\n\t\t\t\t\t\t\t\t\t\t\t\t\t\t\t<img decoding=\"async\" width=\"480\" height=\"360\" src=\"https:\/\/www.akhd.de\/wp-content\/uploads\/2025\/12\/PHOTO-2025-10-01-19-09-43-a.jpeg\" class=\"attachment-large size-large wp-image-7739\" alt=\"\" srcset=\"https:\/\/www.akhd.de\/wp-content\/uploads\/2025\/12\/PHOTO-2025-10-01-19-09-43-a.jpeg 480w, https:\/\/www.akhd.de\/wp-content\/uploads\/2025\/12\/PHOTO-2025-10-01-19-09-43-a-300x225.jpeg 300w\" sizes=\"(max-width: 480px) 100vw, 480px\" \/>\t\t\t\t\t\t\t\t\t\t\t\t\t\t\t<\/div>\n\t\t\t\t<\/div>\n\t\t\t\t<div class=\"elementor-element elementor-element-802d721 elementor-widget elementor-widget-image\" data-id=\"802d721\" data-element_type=\"widget\" data-e-type=\"widget\" data-widget_type=\"image.default\">\n\t\t\t\t<div class=\"elementor-widget-container\">\n\t\t\t\t\t\t\t\t\t\t\t\t\t\t\t<img decoding=\"async\" width=\"480\" height=\"361\" src=\"https:\/\/www.akhd.de\/wp-content\/uploads\/2025\/12\/PHOTO-2025-10-01-19-09-45-1-e1765631844604.jpeg\" class=\"attachment-large size-large wp-image-7732\" alt=\"\" srcset=\"https:\/\/www.akhd.de\/wp-content\/uploads\/2025\/12\/PHOTO-2025-10-01-19-09-45-1-e1765631844604.jpeg 480w, https:\/\/www.akhd.de\/wp-content\/uploads\/2025\/12\/PHOTO-2025-10-01-19-09-45-1-e1765631844604-300x226.jpeg 300w\" sizes=\"(max-width: 480px) 100vw, 480px\" \/>\t\t\t\t\t\t\t\t\t\t\t\t\t\t\t<\/div>\n\t\t\t\t<\/div>\n\t\t\t\t\t<\/div>\n\t\t\t\t<\/div>\n\t\t\t\t<\/div>\n\t\t","protected":false},"excerpt":{"rendered":"<p>Schule in Shahrak Refah \u2013 neues Projekt, neue Hoffnung Im Juni 2025 konnte eine zweite M\u00e4dchenschule er\u00f6ffnet werden. Die Schule befindet sich in unmittelbarer N\u00e4he zur Klinik Refah und verf\u00fcgt \u00fcber f\u00fcnf Klassenr\u00e4ume, einen gro\u00dfen Mehrzweckraum im Untergeschoss und einen [&hellip;]<\/p>\n","protected":false},"author":5,"featured_media":505,"parent":1534,"menu_order":0,"comment_status":"closed","ping_status":"closed","template":"","meta":{"footnotes":""},"class_list":["post-7589","page","type-page","status-publish","has-post-thumbnail","hentry"],"_links":{"self":[{"href":"https:\/\/www.akhd.de\/index.php\/wp-json\/wp\/v2\/pages\/7589","targetHints":{"allow":["GET"]}}],"collection":[{"href":"https:\/\/www.akhd.de\/index.php\/wp-json\/wp\/v2\/pages"}],"about":[{"href":"https:\/\/www.akhd.de\/index.php\/wp-json\/wp\/v2\/types\/page"}],"author":[{"embeddable":true,"href":"https:\/\/www.akhd.de\/index.php\/wp-json\/wp\/v2\/users\/5"}],"replies":[{"embeddable":true,"href":"https:\/\/www.akhd.de\/index.php\/wp-json\/wp\/v2\/comments?post=7589"}],"version-history":[{"count":37,"href":"https:\/\/www.akhd.de\/index.php\/wp-json\/wp\/v2\/pages\/7589\/revisions"}],"predecessor-version":[{"id":7833,"href":"https:\/\/www.akhd.de\/index.php\/wp-json\/wp\/v2\/pages\/7589\/revisions\/7833"}],"up":[{"embeddable":true,"href":"https:\/\/www.akhd.de\/index.php\/wp-json\/wp\/v2\/pages\/1534"}],"wp:featuredmedia":[{"embeddable":true,"href":"https:\/\/www.akhd.de\/index.php\/wp-json\/wp\/v2\/media\/505"}],"wp:attachment":[{"href":"https:\/\/www.akhd.de\/index.php\/wp-json\/wp\/v2\/media?parent=7589"}],"curies":[{"name":"wp","href":"https:\/\/api.w.org\/{rel}","templated":true}]}}